{"id":9427,"date":"2022-09-28T16:19:20","date_gmt":"2022-09-28T14:19:20","guid":{"rendered":"https:\/\/golfdelocean.com\/?page_id=9427"},"modified":"2022-09-30T20:21:42","modified_gmt":"2022-09-30T18:21:42","slug":"reglement-interieur-du-golf-de-locean","status":"publish","type":"page","link":"https:\/\/golfdelocean.com\/en\/reglement-interieur-du-golf-de-locean\/","title":{"rendered":"R\u00e8glement Int\u00e9rieur du Golf de l&#8217;Oc\u00e9an"},"content":{"rendered":"<p><a href=\"https:\/\/golfdelocean.com\/wp-content\/uploads\/2022\/09\/REGLEMENT-INTERIEUR-GOLF-DE-LOCEAN-2019-2.pdf\">REGLEMENT INTERIEUR GOLF DE L&#8217;OCEAN 2019<\/a><\/p>\n","protected":false},"excerpt":{"rendered":"<p>REGLEMENT INTERIEUR GOLF DE L&#8217;OCEAN 2019<\/p>\n","protected":false},"author":2,"featured_media":0,"parent":0,"menu_order":0,"comment_status":"closed","ping_status":"closed","template":"","meta":{"footnotes":""},"class_list":["post-9427","page","type-page","status-publish","hentry"],"_links":{"self":[{"href":"https:\/\/golfdelocean.com\/en\/wp-json\/wp\/v2\/pages\/9427","targetHints":{"allow":["GET"]}}],"collection":[{"href":"https:\/\/golfdelocean.com\/en\/wp-json\/wp\/v2\/pages"}],"about":[{"href":"https:\/\/golfdelocean.com\/en\/wp-json\/wp\/v2\/types\/page"}],"author":[{"embeddable":true,"href":"https:\/\/golfdelocean.com\/en\/wp-json\/wp\/v2\/users\/2"}],"replies":[{"embeddable":true,"href":"https:\/\/golfdelocean.com\/en\/wp-json\/wp\/v2\/comments?post=9427"}],"version-history":[{"count":0,"href":"https:\/\/golfdelocean.com\/en\/wp-json\/wp\/v2\/pages\/9427\/revisions"}],"wp:attachment":[{"href":"https:\/\/golfdelocean.com\/en\/wp-json\/wp\/v2\/media?parent=9427"}],"curies":[{"name":"wp","href":"https:\/\/api.w.org\/{rel}","templated":true}]}}