{"id":8065,"date":"2021-04-05T15:03:12","date_gmt":"2021-04-05T13:03:12","guid":{"rendered":"https:\/\/golfdelocean.com\/?page_id=8065"},"modified":"2022-03-24T15:30:06","modified_gmt":"2022-03-24T14:30:06","slug":"our-infrastructure","status":"publish","type":"page","link":"https:\/\/golfdelocean.com\/en\/our-infrastructure\/","title":{"rendered":"Our infrastructure"},"content":{"rendered":"<p>[vc_row][vc_column][vc_column_text]Notre practice de Golf est compos\u00e9 d\u2019une quarantaine de tapis, un Green avec deux Bunker, un grand Green sp\u00e9cial entrainement PRO et un parcours de chiping.<br \/>\nUn grand \u00ab Pitchs &#038; Put \u00bb avec 6 Greens est en construction et sera disponible \u00e0 nos clients fin juin 2021.<br \/>\nNotre Acad\u00e9mie de Golf, nomm\u00e9 \u00ab\u00a0<strong>Oc\u00e9an Golf Training Center<\/strong>\u00a0\u00bb est dirig\u00e9e par le fameux Coach de Golf, Jean Maire Kazmierczak et toute son \u00e9quipe.<br \/>\nLe mat\u00e9riel de location de mat\u00e9riel du Golf est directement organis\u00e9 \u00e0 la boutique du Golf.<br \/>\nLes horaires d\u2019ouvertures sont de 08h00 \u00e0 18h00[\/vc_column_text][\/vc_column][\/vc_row]<\/p>\n","protected":false},"excerpt":{"rendered":"<p>[vc_row][vc_column][vc_column_text]Notre practice de Golf est compos\u00e9 d\u2019une quarantaine de tapis, un Green avec deux Bunker, un grand Green sp\u00e9cial entrainement [&hellip;]<\/p>\n","protected":false},"author":1,"featured_media":9107,"parent":0,"menu_order":0,"comment_status":"closed","ping_status":"closed","template":"","meta":{"footnotes":""},"class_list":["post-8065","page","type-page","status-publish","has-post-thumbnail","hentry"],"_links":{"self":[{"href":"https:\/\/golfdelocean.com\/en\/wp-json\/wp\/v2\/pages\/8065","targetHints":{"allow":["GET"]}}],"collection":[{"href":"https:\/\/golfdelocean.com\/en\/wp-json\/wp\/v2\/pages"}],"about":[{"href":"https:\/\/golfdelocean.com\/en\/wp-json\/wp\/v2\/types\/page"}],"author":[{"embeddable":true,"href":"https:\/\/golfdelocean.com\/en\/wp-json\/wp\/v2\/users\/1"}],"replies":[{"embeddable":true,"href":"https:\/\/golfdelocean.com\/en\/wp-json\/wp\/v2\/comments?post=8065"}],"version-history":[{"count":0,"href":"https:\/\/golfdelocean.com\/en\/wp-json\/wp\/v2\/pages\/8065\/revisions"}],"wp:featuredmedia":[{"embeddable":true,"href":"https:\/\/golfdelocean.com\/en\/wp-json\/wp\/v2\/media\/9107"}],"wp:attachment":[{"href":"https:\/\/golfdelocean.com\/en\/wp-json\/wp\/v2\/media?parent=8065"}],"curies":[{"name":"wp","href":"https:\/\/api.w.org\/{rel}","templated":true}]}}