{"id":8027,"date":"2021-04-03T22:52:05","date_gmt":"2021-04-03T20:52:05","guid":{"rendered":"https:\/\/golfdelocean.com\/?page_id=8027"},"modified":"2021-10-06T20:58:50","modified_gmt":"2021-10-06T18:58:50","slug":"comprendre-le-world-handicap-system","status":"publish","type":"page","link":"https:\/\/golfdelocean.com\/en\/comprendre-le-world-handicap-system\/","title":{"rendered":"Comprendre le World Handicap System"},"content":{"rendered":"<p>[vc_row][vc_column][vc_column_text]<\/p>\n<h4><strong>Qu\u2019est-ce que le World Handicap System ?<\/strong><\/h4>\n<p><!--StartFragment -->Jusqu\u2019\u00e0 2019, 6 diff\u00e9rentes m\u00e9thodes de calcul du Handicap \u00e9taient utilis\u00e9es \u00e0 travers le monde. La France, ainsi que les pays d\u2019Europe continentale, utilisaient la m\u00e9thode dite \u00ab EGA \u00bb.<br \/>\nDes concertations ont eu lieu entre les diff\u00e9rentes associations repr\u00e9sentatives de ces syst\u00e8mes afin de les unifier. Des \u00e9tudes ont permis de mettre au point une m\u00e9thode reprenant les aspects les plus pertinents de chacune d\u2019entre elles. Cette m\u00e9thode, le<br \/>\nWorld Handicap System, est maintenant valid\u00e9e par l\u2019ensemble des acteurs et devient progressivement \u00e0 partir de 2020, la m\u00e9thode unique et universelle de calcul des handicaps dans le monde.<br \/>\nEn France, la F\u00e9d\u00e9ration fran\u00e7aise de golf a d\u00e9cid\u00e9 d\u2019appliquer ce nouveau calcul d\u00e8s le d\u00e9but de la saison 2020.<\/p>\n<p><a href=\"https:\/\/www.whs.com\/\" target=\"_blank\" rel=\"noopener\"><img loading=\"lazy\" decoding=\"async\" class=\"aligncenter wp-image-8907 size-full\" src=\"http:\/\/golfdelocean.com\/wp-content\/uploads\/2021\/10\/whs.jpg\" alt=\"\" width=\"772\" height=\"503\" srcset=\"https:\/\/golfdelocean.com\/wp-content\/uploads\/2021\/10\/whs.jpg 772w, https:\/\/golfdelocean.com\/wp-content\/uploads\/2021\/10\/whs-300x195.jpg 300w, https:\/\/golfdelocean.com\/wp-content\/uploads\/2021\/10\/whs-768x500.jpg 768w\" sizes=\"auto, (max-width: 772px) 100vw, 772px\" \/><\/a>[\/vc_column_text][\/vc_column][\/vc_row]<\/p>\n","protected":false},"excerpt":{"rendered":"<p>[vc_row][vc_column][vc_column_text] Qu\u2019est-ce que le World Handicap System ? Jusqu\u2019\u00e0 2019, 6 diff\u00e9rentes m\u00e9thodes de calcul du Handicap \u00e9taient utilis\u00e9es \u00e0 [&hellip;]<\/p>\n","protected":false},"author":1,"featured_media":0,"parent":0,"menu_order":0,"comment_status":"closed","ping_status":"closed","template":"","meta":{"footnotes":""},"class_list":["post-8027","page","type-page","status-publish","hentry"],"_links":{"self":[{"href":"https:\/\/golfdelocean.com\/en\/wp-json\/wp\/v2\/pages\/8027","targetHints":{"allow":["GET"]}}],"collection":[{"href":"https:\/\/golfdelocean.com\/en\/wp-json\/wp\/v2\/pages"}],"about":[{"href":"https:\/\/golfdelocean.com\/en\/wp-json\/wp\/v2\/types\/page"}],"author":[{"embeddable":true,"href":"https:\/\/golfdelocean.com\/en\/wp-json\/wp\/v2\/users\/1"}],"replies":[{"embeddable":true,"href":"https:\/\/golfdelocean.com\/en\/wp-json\/wp\/v2\/comments?post=8027"}],"version-history":[{"count":0,"href":"https:\/\/golfdelocean.com\/en\/wp-json\/wp\/v2\/pages\/8027\/revisions"}],"wp:attachment":[{"href":"https:\/\/golfdelocean.com\/en\/wp-json\/wp\/v2\/media?parent=8027"}],"curies":[{"name":"wp","href":"https:\/\/api.w.org\/{rel}","templated":true}]}}