{"id":8014,"date":"2021-04-03T21:11:24","date_gmt":"2021-04-03T19:11:24","guid":{"rendered":"https:\/\/golfdelocean.com\/?page_id=8014"},"modified":"2021-10-14T22:13:44","modified_gmt":"2021-10-14T20:13:44","slug":"partenaires-golf","status":"publish","type":"page","link":"https:\/\/golfdelocean.com\/en\/partenaires-golf\/","title":{"rendered":"Partenaires Golf"},"content":{"rendered":"<p>[vc_row][vc_column width=&#8221;1\/4&#8243;][vc_column_text]<img loading=\"lazy\" decoding=\"async\" class=\"alignnone wp-image-9078\" src=\"http:\/\/golfdelocean.com\/wp-content\/uploads\/2021\/10\/ATLANTIC-PALACE-RESORT-LOGO-BLEU-300x161.jpg\" alt=\"\" width=\"422\" height=\"227\" srcset=\"https:\/\/golfdelocean.com\/wp-content\/uploads\/2021\/10\/ATLANTIC-PALACE-RESORT-LOGO-BLEU-300x161.jpg 300w, https:\/\/golfdelocean.com\/wp-content\/uploads\/2021\/10\/ATLANTIC-PALACE-RESORT-LOGO-BLEU-800x430.jpg 800w, https:\/\/golfdelocean.com\/wp-content\/uploads\/2021\/10\/ATLANTIC-PALACE-RESORT-LOGO-BLEU-1024x551.jpg 1024w, https:\/\/golfdelocean.com\/wp-content\/uploads\/2021\/10\/ATLANTIC-PALACE-RESORT-LOGO-BLEU-768x413.jpg 768w, https:\/\/golfdelocean.com\/wp-content\/uploads\/2021\/10\/ATLANTIC-PALACE-RESORT-LOGO-BLEU-1536x826.jpg 1536w, https:\/\/golfdelocean.com\/wp-content\/uploads\/2021\/10\/ATLANTIC-PALACE-RESORT-LOGO-BLEU-2048x1101.jpg 2048w\" sizes=\"auto, (max-width: 422px) 100vw, 422px\" \/>[\/vc_column_text][\/vc_column][vc_column width=&#8221;1\/4&#8243;][vc_column_text]<a href=\"http:\/\/casinoagadir.com\/\" target=\"_blank\" rel=\"noopener\"><img loading=\"lazy\" decoding=\"async\" class=\"wp-image-9080 size-full aligncenter\" src=\"http:\/\/golfdelocean.com\/wp-content\/uploads\/2021\/10\/casino.jpg\" alt=\"\" width=\"280\" height=\"280\" srcset=\"https:\/\/golfdelocean.com\/wp-content\/uploads\/2021\/10\/casino.jpg 280w, https:\/\/golfdelocean.com\/wp-content\/uploads\/2021\/10\/casino-150x150.jpg 150w\" sizes=\"auto, (max-width: 280px) 100vw, 280px\" \/><\/a>[\/vc_column_text][\/vc_column][vc_column width=&#8221;1\/4&#8243;][vc_column_text]<a href=\"http:\/\/www.autohall.ma\/\" target=\"_blank\" rel=\"noopener\"><img loading=\"lazy\" decoding=\"async\" class=\"aligncenter wp-image-9053\" src=\"http:\/\/golfdelocean.com\/wp-content\/uploads\/2021\/10\/Logo_Auto_Hall-300x162.jpg\" alt=\"\" width=\"375\" height=\"203\" srcset=\"https:\/\/golfdelocean.com\/wp-content\/uploads\/2021\/10\/Logo_Auto_Hall-300x162.jpg 300w, https:\/\/golfdelocean.com\/wp-content\/uploads\/2021\/10\/Logo_Auto_Hall-800x432.jpg 800w, https:\/\/golfdelocean.com\/wp-content\/uploads\/2021\/10\/Logo_Auto_Hall-1024x553.jpg 1024w, https:\/\/golfdelocean.com\/wp-content\/uploads\/2021\/10\/Logo_Auto_Hall-768x415.jpg 768w, https:\/\/golfdelocean.com\/wp-content\/uploads\/2021\/10\/Logo_Auto_Hall.jpg 1027w\" sizes=\"auto, (max-width: 375px) 100vw, 375px\" \/><\/a>[\/vc_column_text][\/vc_column][vc_column width=&#8221;1\/4&#8243;][vc_column_text]<a href=\"https:\/\/www.saharahotelagadir.com\/\" target=\"_blank\" rel=\"noopener\"><img loading=\"lazy\" decoding=\"async\" class=\"wp-image-9044 size-medium aligncenter\" src=\"http:\/\/golfdelocean.com\/wp-content\/uploads\/2021\/10\/c601cdf39c30671bb3f9e2b677675609_400x400-300x300.jpeg\" alt=\"\" width=\"300\" height=\"300\" srcset=\"https:\/\/golfdelocean.com\/wp-content\/uploads\/2021\/10\/c601cdf39c30671bb3f9e2b677675609_400x400-300x300.jpeg 300w, https:\/\/golfdelocean.com\/wp-content\/uploads\/2021\/10\/c601cdf39c30671bb3f9e2b677675609_400x400-150x150.jpeg 150w, https:\/\/golfdelocean.com\/wp-content\/uploads\/2021\/10\/c601cdf39c30671bb3f9e2b677675609_400x400-320x320.jpeg 320w, https:\/\/golfdelocean.com\/wp-content\/uploads\/2021\/10\/c601cdf39c30671bb3f9e2b677675609_400x400.jpeg 400w\" sizes=\"auto, (max-width: 300px) 100vw, 300px\" \/><\/a>[\/vc_column_text][\/vc_column][\/vc_row][vc_row][vc_column width=&#8221;1\/4&#8243;][vc_column_text]<a href=\"https:\/\/www.frmg.ma\/\" target=\"_blank\" rel=\"noopener\"><img loading=\"lazy\" decoding=\"async\" class=\"aligncenter wp-image-8928\" src=\"http:\/\/golfdelocean.com\/wp-content\/uploads\/2021\/10\/FRMG_LOGO_2018-300x300.png\" alt=\"\" width=\"412\" height=\"412\" srcset=\"https:\/\/golfdelocean.com\/wp-content\/uploads\/2021\/10\/FRMG_LOGO_2018-300x300.png 300w, https:\/\/golfdelocean.com\/wp-content\/uploads\/2021\/10\/FRMG_LOGO_2018-800x800.png 800w, https:\/\/golfdelocean.com\/wp-content\/uploads\/2021\/10\/FRMG_LOGO_2018-1024x1024.png 1024w, https:\/\/golfdelocean.com\/wp-content\/uploads\/2021\/10\/FRMG_LOGO_2018-150x150.png 150w, https:\/\/golfdelocean.com\/wp-content\/uploads\/2021\/10\/FRMG_LOGO_2018-768x768.png 768w, https:\/\/golfdelocean.com\/wp-content\/uploads\/2021\/10\/FRMG_LOGO_2018-1536x1536.png 1536w, https:\/\/golfdelocean.com\/wp-content\/uploads\/2021\/10\/FRMG_LOGO_2018-320x320.png 320w, https:\/\/golfdelocean.com\/wp-content\/uploads\/2021\/10\/FRMG_LOGO_2018.png 1606w\" sizes=\"auto, (max-width: 412px) 100vw, 412px\" \/><\/a>Fond\u00e9e le 12 mars 1960, la f\u00e9d\u00e9ration royale marocaine de golf, par abr\u00e9viation \u00ab FRMG \u00ab est une association sportive qui a pour objet d\u2019organiser, d\u2019encourager, de promouvoir, de d\u00e9velopper, de d\u00e9mocratiser et de r\u00e9glementer la pratique du golf sur l\u2019ensemble du territoire du Royaume du Maroc et au moyen de toute action appropri\u00e9e.[\/vc_column_text][\/vc_column][vc_column width=&#8221;1\/4&#8243;][\/vc_column][vc_column width=&#8221;1\/4&#8243;][\/vc_column][vc_column width=&#8221;1\/4&#8243;][\/vc_column][\/vc_row]<\/p>\n","protected":false},"excerpt":{"rendered":"<p>[vc_row][vc_column width=&#8221;1\/4&#8243;][vc_column_text][\/vc_column_text][\/vc_column][vc_column width=&#8221;1\/4&#8243;][vc_column_text][\/vc_column_text][\/vc_column][vc_column width=&#8221;1\/4&#8243;][vc_column_text][\/vc_column_text][\/vc_column][vc_column width=&#8221;1\/4&#8243;][vc_column_text][\/vc_column_text][\/vc_column][\/vc_row][vc_row][vc_column width=&#8221;1\/4&#8243;][vc_column_text]Fond\u00e9e le 12 mars 1960, la f\u00e9d\u00e9ration royale marocaine de golf, par abr\u00e9viation \u00ab FRMG [&hellip;]<\/p>\n","protected":false},"author":1,"featured_media":0,"parent":0,"menu_order":0,"comment_status":"closed","ping_status":"closed","template":"","meta":{"footnotes":""},"class_list":["post-8014","page","type-page","status-publish","hentry"],"_links":{"self":[{"href":"https:\/\/golfdelocean.com\/en\/wp-json\/wp\/v2\/pages\/8014","targetHints":{"allow":["GET"]}}],"collection":[{"href":"https:\/\/golfdelocean.com\/en\/wp-json\/wp\/v2\/pages"}],"about":[{"href":"https:\/\/golfdelocean.com\/en\/wp-json\/wp\/v2\/types\/page"}],"author":[{"embeddable":true,"href":"https:\/\/golfdelocean.com\/en\/wp-json\/wp\/v2\/users\/1"}],"replies":[{"embeddable":true,"href":"https:\/\/golfdelocean.com\/en\/wp-json\/wp\/v2\/comments?post=8014"}],"version-history":[{"count":0,"href":"https:\/\/golfdelocean.com\/en\/wp-json\/wp\/v2\/pages\/8014\/revisions"}],"wp:attachment":[{"href":"https:\/\/golfdelocean.com\/en\/wp-json\/wp\/v2\/media?parent=8014"}],"curies":[{"name":"wp","href":"https:\/\/api.w.org\/{rel}","templated":true}]}}