{"id":7983,"date":"2021-04-02T20:36:45","date_gmt":"2021-04-02T18:36:45","guid":{"rendered":"https:\/\/golfdelocean.com\/?page_id=7983"},"modified":"2021-10-11T22:45:12","modified_gmt":"2021-10-11T20:45:12","slug":"our-partners","status":"publish","type":"page","link":"https:\/\/golfdelocean.com\/en\/our-partners\/","title":{"rendered":"Our partners"},"content":{"rendered":"<p>[vc_row][vc_column width=&#8221;1\/4&#8243;][vc_column_text]<span class=\"f\"><a href=\"https:\/\/i-golf-pro.com\/\" target=\"_blank\" rel=\"noopener\"><img loading=\"lazy\" decoding=\"async\" class=\"size-full wp-image-9043 aligncenter\" src=\"http:\/\/golfdelocean.com\/wp-content\/uploads\/2021\/10\/alexis.jpg\" alt=\"\" width=\"225\" height=\"225\" srcset=\"https:\/\/golfdelocean.com\/wp-content\/uploads\/2021\/10\/alexis.jpg 225w, https:\/\/golfdelocean.com\/wp-content\/uploads\/2021\/10\/alexis-150x150.jpg 150w\" sizes=\"auto, (max-width: 225px) 100vw, 225px\" \/><\/a>\u00a0<\/span>Ancien joueur de l&#8217;Alps Tour,\u00a0<em>Alexis Cocheteux<\/em> enseigne le golf depuis 2001 et publie de nombreuses vid\u00e9os sur Internet et sur son site i-golf-pro.com[\/vc_column_text][\/vc_column][vc_column width=&#8221;1\/4&#8243;][vc_column_text]<a href=\"http:\/\/sunacademie.com\" target=\"_blank\" rel=\"noopener\"><img loading=\"lazy\" decoding=\"async\" class=\"size-medium wp-image-9054 aligncenter\" src=\"http:\/\/golfdelocean.com\/wp-content\/uploads\/2021\/10\/logoaagj-1-300x77.png\" alt=\"\" width=\"300\" height=\"77\" srcset=\"https:\/\/golfdelocean.com\/wp-content\/uploads\/2021\/10\/logoaagj-1-300x77.png 300w, https:\/\/golfdelocean.com\/wp-content\/uploads\/2021\/10\/logoaagj-1-768x196.png 768w, https:\/\/golfdelocean.com\/wp-content\/uploads\/2021\/10\/logoaagj-1.png 800w\" sizes=\"auto, (max-width: 300px) 100vw, 300px\" \/><\/a>AAGJ comprend les golfeur &#8211; les aide \u00e0 montrer leurs avantages leurs plus efficacit\u00e9 en rendant leur swing unique pour attirer d&#8217;autres golfeurs potentiels, garder des golfeurs \u00e0 long terme qui deviendront les meilleurs champions.[\/vc_column_text][\/vc_column][vc_column width=&#8221;1\/4&#8243;][vc_column_text]<\/p>\n<p><a href=\"http:\/\/www.agadir-golf-training-center.com\/\" target=\"_blank\" rel=\"noopener\"><img loading=\"lazy\" decoding=\"async\" class=\"size-medium wp-image-9050 aligncenter\" src=\"http:\/\/golfdelocean.com\/wp-content\/uploads\/2021\/10\/footer-logo-300x195.png\" alt=\"\" width=\"300\" height=\"195\" srcset=\"https:\/\/golfdelocean.com\/wp-content\/uploads\/2021\/10\/footer-logo-300x195.png 300w, https:\/\/golfdelocean.com\/wp-content\/uploads\/2021\/10\/footer-logo-800x521.png 800w, https:\/\/golfdelocean.com\/wp-content\/uploads\/2021\/10\/footer-logo-1024x666.png 1024w, https:\/\/golfdelocean.com\/wp-content\/uploads\/2021\/10\/footer-logo-768x500.png 768w, https:\/\/golfdelocean.com\/wp-content\/uploads\/2021\/10\/footer-logo.png 1200w\" sizes=\"auto, (max-width: 300px) 100vw, 300px\" \/><\/a>L&#8217;\u00a0<em>Agadir Golf Training Center<\/em>\u00a0est le premier centre d&#8217;entrainement de golf pour professionnels au Maroc, con\u00e7u pour recevoir des groupes ou des \u00e9quipes.[\/vc_column_text][\/vc_column][vc_column width=&#8221;1\/4&#8243;][vc_column_text]<\/p>\n<p><em><a href=\"https:\/\/american-golf-academy.jimdofree.com\/coach-mike-magher\/\" target=\"_blank\" rel=\"noopener\"><img loading=\"lazy\" decoding=\"async\" class=\"aligncenter wp-image-9052\" src=\"http:\/\/golfdelocean.com\/wp-content\/uploads\/2021\/10\/image.jpg\" alt=\"\" width=\"225\" height=\"299\" \/><\/a>Mike Magher<\/em>\u00a0ex joueur professionnel de golf a fond\u00e9 l&#8217;American Golf Academy en 1997 en partenariat avec la soci\u00e9t\u00e9 des Golfs de Biarritz[\/vc_column_text][\/vc_column][\/vc_row][vc_row][vc_column width=&#8221;1\/4&#8243;][vc_column_text]<\/p>\n<p><a href=\"https:\/\/www.frmg.ma\/\" target=\"_blank\" rel=\"noopener\"><img loading=\"lazy\" decoding=\"async\" class=\"size-medium wp-image-8928 aligncenter\" src=\"http:\/\/golfdelocean.com\/wp-content\/uploads\/2021\/10\/FRMG_LOGO_2018-300x300.png\" alt=\"\" width=\"300\" height=\"300\" srcset=\"https:\/\/golfdelocean.com\/wp-content\/uploads\/2021\/10\/FRMG_LOGO_2018-300x300.png 300w, https:\/\/golfdelocean.com\/wp-content\/uploads\/2021\/10\/FRMG_LOGO_2018-800x800.png 800w, https:\/\/golfdelocean.com\/wp-content\/uploads\/2021\/10\/FRMG_LOGO_2018-1024x1024.png 1024w, https:\/\/golfdelocean.com\/wp-content\/uploads\/2021\/10\/FRMG_LOGO_2018-150x150.png 150w, https:\/\/golfdelocean.com\/wp-content\/uploads\/2021\/10\/FRMG_LOGO_2018-768x768.png 768w, https:\/\/golfdelocean.com\/wp-content\/uploads\/2021\/10\/FRMG_LOGO_2018-1536x1536.png 1536w, https:\/\/golfdelocean.com\/wp-content\/uploads\/2021\/10\/FRMG_LOGO_2018-320x320.png 320w, https:\/\/golfdelocean.com\/wp-content\/uploads\/2021\/10\/FRMG_LOGO_2018.png 1606w\" sizes=\"auto, (max-width: 300px) 100vw, 300px\" \/><\/a>Fond\u00e9e le 12 mars 1960, la f\u00e9d\u00e9ration royale marocaine de golf, par abr\u00e9viation \u00ab FRMG \u00ab est une association sportive qui a pour objet d\u2019organiser, d\u2019encourager, de promouvoir, de d\u00e9velopper, de d\u00e9mocratiser et de r\u00e9glementer la pratique du golf sur l\u2019ensemble du territoire du Royaume du Maroc et au moyen de toute action appropri\u00e9e.[\/vc_column_text][\/vc_column][vc_column width=&#8221;1\/4&#8243;][\/vc_column][vc_column width=&#8221;1\/4&#8243;][\/vc_column][vc_column width=&#8221;1\/4&#8243;][\/vc_column][\/vc_row]<\/p>\n","protected":false},"excerpt":{"rendered":"<p>[vc_row][vc_column width=&#8221;1\/4&#8243;][vc_column_text]\u00a0Ancien joueur de l&#8217;Alps Tour,\u00a0Alexis Cocheteux enseigne le golf depuis 2001 et publie de nombreuses vid\u00e9os sur Internet et [&hellip;]<\/p>\n","protected":false},"author":1,"featured_media":0,"parent":0,"menu_order":0,"comment_status":"closed","ping_status":"closed","template":"","meta":{"footnotes":""},"class_list":["post-7983","page","type-page","status-publish","hentry"],"_links":{"self":[{"href":"https:\/\/golfdelocean.com\/en\/wp-json\/wp\/v2\/pages\/7983","targetHints":{"allow":["GET"]}}],"collection":[{"href":"https:\/\/golfdelocean.com\/en\/wp-json\/wp\/v2\/pages"}],"about":[{"href":"https:\/\/golfdelocean.com\/en\/wp-json\/wp\/v2\/types\/page"}],"author":[{"embeddable":true,"href":"https:\/\/golfdelocean.com\/en\/wp-json\/wp\/v2\/users\/1"}],"replies":[{"embeddable":true,"href":"https:\/\/golfdelocean.com\/en\/wp-json\/wp\/v2\/comments?post=7983"}],"version-history":[{"count":0,"href":"https:\/\/golfdelocean.com\/en\/wp-json\/wp\/v2\/pages\/7983\/revisions"}],"wp:attachment":[{"href":"https:\/\/golfdelocean.com\/en\/wp-json\/wp\/v2\/media?parent=7983"}],"curies":[{"name":"wp","href":"https:\/\/api.w.org\/{rel}","templated":true}]}}