{"id":5766,"date":"2018-10-22T13:50:05","date_gmt":"2018-10-22T13:50:05","guid":{"rendered":"https:\/\/www.ekko-wp.com\/?page_id=5766"},"modified":"2023-03-12T16:26:03","modified_gmt":"2023-03-12T15:26:03","slug":"juniors-grands-espoirs","status":"publish","type":"page","link":"https:\/\/golfdelocean.com\/en\/juniors-grands-espoirs\/","title":{"rendered":"Juniors &#038; grands Espoirs"},"content":{"rendered":"<p>[vc_row full_width=&#8221;stretch_row_content_no_spaces&#8221; kd_image_overlay_color=&#8221;rgba(0,0,0,0.7)&#8221; kd_image_overlay=&#8221;true&#8221; css=&#8221;.vc_custom_1633555565034{padding-top: 250px !important;padding-bottom: 180px !important;background: #ffffff url(http:\/\/golfdelocean.com\/wp-content\/uploads\/2021\/10\/WhatsApp-Image-2020-07-16-at-13.19.51.jpeg?id=9032) !important;background-position: center !important;background-repeat: no-repeat !important;background-size: cover !important;}&#8221;][vc_column][\/vc_column][\/vc_row][vc_row][vc_column][vc_empty_space][\/vc_column][\/vc_row][vc_row css=&#8221;.vc_custom_1616419634289{margin-right: 40px !important;margin-left: 40px !important;}&#8221;][vc_column width=&#8221;1\/2&#8243;][vc_column_text]<\/p>\n<div class=\"wpb_column vc_column_container vc_col-sm-12 vc_col-has-fill\">\n<div class=\"vc_column-inner vc_custom_1453518081559\">\n<div class=\"wpb_wrapper\">\n<h3><\/h3>\n<h3><\/h3>\n<h3 class=\"iconbox style2 color-light \">NOS VALEURS<\/h3>\n<p>V\u00e9hiculer des valeurs de fair-play, de respect de son adversaire ou encore de son environnement par le partage d\u2019un espace de jeu commun, sont les principales valeurs du jeu de golf. Un sport qui se r\u00e9v\u00e8le \u00eatre une v\u00e9ritable all\u00e9gorie de la vie et apprend ainsi au jeune joueur comment se comporter et s\u2019organiser en soci\u00e9t\u00e9.<\/p>\n<\/div>\n<\/div>\n<\/div>\n<div class=\"wpb_column vc_column_container vc_col-sm-12 vc_col-has-fill\">\n<div class=\"vc_column-inner vc_custom_1453518099311\">\n<h3 class=\"wpb_wrapper\">NOTRE STRAT\u00c9GIE<\/h3>\n<div class=\"wpb_wrapper\">\n<p>L\u2019honn\u00eatet\u00e9 : Le golf est l\u2019un des seuls sports o\u00f9 l\u2019on est \u00e0 la fois son propre adversaire et son propre arbitre.<br \/>\nLe meilleur moyen pour se rendre compte des bienfaits du sport pour un enfant reste l\u2019exp\u00e9rience. N\u2019h\u00e9sitez pas \u00e0 tester le golf a vos enfants dans le club le plus proche de chez vous avec les conseils d\u2019un professeur.<\/p>\n<\/div>\n<\/div>\n<\/div>\n<div class=\"wpb_column vc_column_container vc_col-sm-12 vc_col-has-fill\">\n<div class=\"vc_column-inner vc_custom_1453518112274\">\n<div class=\"wpb_wrapper\">\n<h3 class=\"iconbox style2 color-light \">NOTRE MISSION<\/h3>\n<div class=\"iconbox style2 color-light \">\n<p>Le respect des autres joueurs : quel que soit l\u2019\u00e2ge ou le niveau de ses partenaires de jeu, le golfeur doit \u00eatre respectueux et courtois avant, pendant et apr\u00e8s sa partie. Entraide \u00e0 l\u2019entra\u00eenement, notamment avec les plus petits ou les moins exp\u00e9riment\u00e9s, lors des recherches de balles \u00e9gar\u00e9es, comptage de points, encouragement, autant de moments o\u00f9 le savoir-vivre et l\u2019esprit d\u2019\u00e9quipe de l\u2019enfant se d\u00e9velopperont, \u00e0 l&#8217;entra\u00eenement ou en comp\u00e9tition.<\/p>\n<\/div>\n<\/div>\n<\/div>\n<\/div>\n<p>[\/vc_column_text][\/vc_column][vc_column width=&#8221;1\/2&#8243;][vc_column_text]<img loading=\"lazy\" decoding=\"async\" class=\"size-full wp-image-9505 alignleft\" src=\"https:\/\/golfdelocean.com\/wp-content\/uploads\/2023\/03\/Juniors-2023.jpg\" alt=\"\" width=\"650\" height=\"920\" srcset=\"https:\/\/golfdelocean.com\/wp-content\/uploads\/2023\/03\/Juniors-2023.jpg 650w, https:\/\/golfdelocean.com\/wp-content\/uploads\/2023\/03\/Juniors-2023-212x300.jpg 212w\" sizes=\"auto, (max-width: 650px) 100vw, 650px\" \/>[\/vc_column_text][\/vc_column][\/vc_row][vc_row][vc_column width=&#8221;1\/2&#8243;][vc_video link=&#8221;https:\/\/www.youtube.com\/watch?v=gSvI9Sytjeo&#038;t=28s&#8221; title=&#8221;Championnat Junior : R\u00e9gionaux 2 &#8211; Yasser BELATAR&#8221;][\/vc_column][vc_column width=&#8221;1\/2&#8243;][vc_video link=&#8221;https:\/\/www.youtube.com\/watch?v=CYELN3bqi-s&#8221; title=&#8221;Championnat Junior : R\u00e9gionaux 2 &#8211; Rim IMNI&#8221;][\/vc_column][\/vc_row][vc_row][vc_column width=&#8221;1\/2&#8243;][vc_video link=&#8221;https:\/\/www.youtube.com\/watch?v=THD1nhOIeAo&#8221; title=&#8221;Championnat Junior : R\u00e9gionaux 2 &#8211; Hana EL ADA&#8221;][\/vc_column][vc_column width=&#8221;1\/2&#8243;][vc_video link=&#8221;https:\/\/www.youtube.com\/watch?v=2IOMSkIVIpA&#8221; title=&#8221;Championnat Junior : R\u00e9gionaux 2 &#8211; Sofia ESSAKALI&#8221;][\/vc_column][\/vc_row][vc_row][vc_column][vc_column_text]<a href=\"https:\/\/www.frmg.ma\/galerie\/\" target=\"_blank\" rel=\"noopener\">https:\/\/www.frmg.ma\/galerie\/<\/a>[\/vc_column_text][\/vc_column][\/vc_row][vc_row][vc_column][vc_images_carousel images=&#8221;9032&#8243; title=&#8221;Nos Juniors et Grands Espoirs&#8221;][\/vc_column][\/vc_row]<\/p>\n","protected":false},"excerpt":{"rendered":"<p>[vc_row full_width=&#8221;stretch_row_content_no_spaces&#8221; kd_image_overlay_color=&#8221;rgba(0,0,0,0.7)&#8221; kd_image_overlay=&#8221;true&#8221; css=&#8221;.vc_custom_1633555565034{padding-top: 250px !important;padding-bottom: 180px !important;background: #ffffff url(http:\/\/golfdelocean.com\/wp-content\/uploads\/2021\/10\/WhatsApp-Image-2020-07-16-at-13.19.51.jpeg?id=9032) !important;background-position: center !important;background-repeat: no-repeat !important;background-size: cover !important;}&#8221;][vc_column][\/vc_column][\/vc_row][vc_row][vc_column][vc_empty_space][\/vc_column][\/vc_row][vc_row css=&#8221;.vc_custom_1616419634289{margin-right: 40px [&hellip;]<\/p>\n","protected":false},"author":1,"featured_media":0,"parent":0,"menu_order":0,"comment_status":"closed","ping_status":"closed","template":"","meta":{"footnotes":""},"class_list":["post-5766","page","type-page","status-publish","hentry"],"_links":{"self":[{"href":"https:\/\/golfdelocean.com\/en\/wp-json\/wp\/v2\/pages\/5766","targetHints":{"allow":["GET"]}}],"collection":[{"href":"https:\/\/golfdelocean.com\/en\/wp-json\/wp\/v2\/pages"}],"about":[{"href":"https:\/\/golfdelocean.com\/en\/wp-json\/wp\/v2\/types\/page"}],"author":[{"embeddable":true,"href":"https:\/\/golfdelocean.com\/en\/wp-json\/wp\/v2\/users\/1"}],"replies":[{"embeddable":true,"href":"https:\/\/golfdelocean.com\/en\/wp-json\/wp\/v2\/comments?post=5766"}],"version-history":[{"count":0,"href":"https:\/\/golfdelocean.com\/en\/wp-json\/wp\/v2\/pages\/5766\/revisions"}],"wp:attachment":[{"href":"https:\/\/golfdelocean.com\/en\/wp-json\/wp\/v2\/media?parent=5766"}],"curies":[{"name":"wp","href":"https:\/\/api.w.org\/{rel}","templated":true}]}}