{"id":5762,"date":"2018-10-22T13:49:40","date_gmt":"2018-10-22T13:49:40","guid":{"rendered":"https:\/\/www.ekko-wp.com\/?page_id=5762"},"modified":"2021-10-07T19:47:01","modified_gmt":"2021-10-07T17:47:01","slug":"notre-equipe-academie","status":"publish","type":"page","link":"https:\/\/golfdelocean.com\/en\/notre-equipe-academie\/","title":{"rendered":"Notre Equipe Acad\u00e9mie"},"content":{"rendered":"<p>[vc_row full_width=&#8221;stretch_row&#8221; css=&#8221;.vc_custom_1633628817837{margin-top: 100px !important;padding-top: 275px !important;padding-bottom: 900px !important;background-image: url(http:\/\/golfdelocean.com\/wp-content\/uploads\/2021\/10\/equipe-ocean-golf-training-center-qpr.jpg?id=9049) !important;}&#8221; top_section_title=&#8221;&#8221; bottom_section_title=&#8221;&#8221;][vc_column css=&#8221;.vc_custom_1556023475207{margin-left: 0px !important;padding-left: 0px !important;}&#8221;][vc_row_inner][vc_column_inner][vc_empty_space height=&#8221;20px&#8221;][\/vc_column_inner][\/vc_row_inner][\/vc_column][\/vc_row][vc_row][vc_column][vc_column_text]<\/p>\n<h3>Bienvenue \u00e0 Oc\u00e9an Golf Training Center<\/h3>\n<p>Gr\u00e2ce \u00e0 sa proximit\u00e9 : \u00e0 trois heures de toutes les grandes capitales europ\u00e9ennes, \u00e0 son climat unique !!!!, avec une temp\u00e9rature moyenne sur l\u2019ann\u00e9e avoisinant les 25\u00b0, et chose incroyable m\u00eame en \u00e9t\u00e9 !! \u00a0pas de d\u00e9calages horaires, soleil et douceur garanti, \u00e0 ses installations et infrastructures \u00a0golfiques (5 golfs et un centre d\u2019entrainement) ! pour un s\u00e9jour golfique bien rempli!!!<\/p>\n<p>Sa logistique : le golfeur est roi !! l\u2019accueil et la prise en charge de golfeur sont un exemple et de plus il b\u00e9n\u00e9ficie d\u2019un syst\u00e8me de navette gratuit pour tout les golfs\u2026<\/p>\n<p><strong>Oc\u00e9an Golf Training Center<\/strong><\/p>\n<p>le plus facile d\u2019acc\u00e8s !!!!!!!!!!!!<\/p>\n<p>Le concept \u00ab\u00a0<strong>Golf Training Center<\/strong> \u00bb ou centre d\u2019entrainement golfique est unique sur la place. \u00ab\u00a0 Tout pour la technique et l entra\u00eenement du golf \u00bb<\/p>\n<p>Ce centre con\u00e7u et r\u00e9alis\u00e9 pour recevoir des \u00e9quipes , des groupes ,et des enseignants avec leurs \u00e9l\u00e8ves, il est aussi id\u00e9al pour s\u2019initier et se perfectionner, avec une \u00a0grande vari\u00e9t\u00e9 \u00a0des zones de travail , de grands espaces, et \u00a0une proximit\u00e9 de tout ses ateliers plus, un parcours 4 trous \u00e9cole\u2026et pour les accros, enfin une formule balles \u00e0 volont\u00e9 !<\/p>\n<p>La possibilit\u00e9 d\u2019essayer du mat\u00e9riel sur place ainsi que de le faire r\u00e9parer renforce encore plus la notion de service et de savoir faire de cet endroit magnifique\u2026et le tout situ\u00e9 seulement \u00e0 5 minutes du centre ville et des h\u00f4tel\u2026<\/p>\n<p>Passage oblig\u00e9\u00a0![\/vc_column_text][\/vc_column][\/vc_row]<\/p>\n","protected":false},"excerpt":{"rendered":"<p>[vc_row full_width=&#8221;stretch_row&#8221; css=&#8221;.vc_custom_1633628817837{margin-top: 100px !important;padding-top: 275px !important;padding-bottom: 900px !important;background-image: url(http:\/\/golfdelocean.com\/wp-content\/uploads\/2021\/10\/equipe-ocean-golf-training-center-qpr.jpg?id=9049) !important;}&#8221; top_section_title=&#8221;&#8221; bottom_section_title=&#8221;&#8221;][vc_column css=&#8221;.vc_custom_1556023475207{margin-left: 0px !important;padding-left: 0px !important;}&#8221;][vc_row_inner][vc_column_inner][vc_empty_space height=&#8221;20px&#8221;][\/vc_column_inner][\/vc_row_inner][\/vc_column][\/vc_row][vc_row][vc_column][vc_column_text] Bienvenue [&hellip;]<\/p>\n","protected":false},"author":1,"featured_media":0,"parent":0,"menu_order":0,"comment_status":"closed","ping_status":"closed","template":"","meta":{"footnotes":""},"class_list":["post-5762","page","type-page","status-publish","hentry"],"_links":{"self":[{"href":"https:\/\/golfdelocean.com\/en\/wp-json\/wp\/v2\/pages\/5762","targetHints":{"allow":["GET"]}}],"collection":[{"href":"https:\/\/golfdelocean.com\/en\/wp-json\/wp\/v2\/pages"}],"about":[{"href":"https:\/\/golfdelocean.com\/en\/wp-json\/wp\/v2\/types\/page"}],"author":[{"embeddable":true,"href":"https:\/\/golfdelocean.com\/en\/wp-json\/wp\/v2\/users\/1"}],"replies":[{"embeddable":true,"href":"https:\/\/golfdelocean.com\/en\/wp-json\/wp\/v2\/comments?post=5762"}],"version-history":[{"count":0,"href":"https:\/\/golfdelocean.com\/en\/wp-json\/wp\/v2\/pages\/5762\/revisions"}],"wp:attachment":[{"href":"https:\/\/golfdelocean.com\/en\/wp-json\/wp\/v2\/media?parent=5762"}],"curies":[{"name":"wp","href":"https:\/\/api.w.org\/{rel}","templated":true}]}}