{"id":5752,"date":"2018-10-22T13:48:34","date_gmt":"2018-10-22T13:48:34","guid":{"rendered":"https:\/\/www.ekko-wp.com\/?page_id=5752"},"modified":"2021-02-26T21:41:11","modified_gmt":"2021-02-26T20:41:11","slug":"contact-direction","status":"publish","type":"page","link":"https:\/\/golfdelocean.com\/en\/contact-direction\/","title":{"rendered":"Contact Direction"},"content":{"rendered":"<p>[vc_row full_width=&#8221;stretch_row&#8221; css=&#8221;.vc_custom_1556019931157{margin-top: -25px !important;}&#8221;][vc_column css=&#8221;.vc_custom_1516095762744{padding-right: 0px !important;padding-left: 0px !important;}&#8221;][vc_row_inner css=&#8221;.vc_custom_1556019928500{padding-bottom: 73px !important;}&#8221;][vc_column_inner width=&#8221;1\/2&#8243; css=&#8221;.vc_custom_1556019967766{padding-top: 30px !important;padding-right: 70px !important;padding-left: 100px !important;}&#8221;][vc_custom_heading text=&#8221;Coordonn\u00e9es GPS Golf de l\u2019Oc\u00e9an Agadir&#8221; font_container=&#8221;tag:h3|text_align:left&#8221; use_theme_fonts=&#8221;yes&#8221; css_animation=&#8221;fadeIn&#8221;][vc_custom_heading text=&#8221;Latitude : N 30\u00b0 21\u2032 56.7828\u201d (+30\u00b0 21\u2032 56.7828\u201d)&#8221; font_container=&#8221;tag:h5|text_align:left&#8221; use_theme_fonts=&#8221;yes&#8221; css_animation=&#8221;fadeIn&#8221; css=&#8221;.vc_custom_1614372036564{margin-bottom: 5px !important;}&#8221;][vc_custom_heading text=&#8221;Longitude : W 9\u00b0 34\u2032 48.0756\u201d (-9\u00b0 34\u2032 48.0756\u201d)&#8221; font_container=&#8221;tag:h5|text_align:left&#8221; use_theme_fonts=&#8221;yes&#8221; css_animation=&#8221;fadeIn&#8221;][vc_custom_heading text=&#8221;Appelez-nous ou passez \u00e0 tout moment, nous<br \/>\nnous efforcerons \u00e0 r\u00e9pondre \u00e0 toutes les demandes<br \/>\ndans les 24 heures les jours ouvrables.&#8221; font_container=&#8221;tag:h6|text_align:left&#8221; use_theme_fonts=&#8221;yes&#8221; css_animation=&#8221;fadeIn&#8221;][\/vc_column_inner][vc_column_inner width=&#8221;1\/2&#8243; css=&#8221;.vc_custom_1515497653772{padding-right: 80px !important;padding-left: 50px !important;}&#8221;]<div class=\"kd-contact-form full-width-cf\" >\n<div class=\"wpcf7 no-js\" id=\"wpcf7-f5208-o1\" lang=\"en-US\" dir=\"ltr\">\n<div class=\"screen-reader-response\"><p role=\"status\" aria-live=\"polite\" aria-atomic=\"true\"><\/p> <ul><\/ul><\/div>\n<form action=\"\/en\/wp-json\/wp\/v2\/pages\/5752#wpcf7-f5208-o1\" method=\"post\" class=\"wpcf7-form init\" aria-label=\"Contact form\" novalidate=\"novalidate\" data-status=\"init\">\n<div style=\"display: none;\">\n<input type=\"hidden\" name=\"_wpcf7\" value=\"5208\" \/>\n<input type=\"hidden\" name=\"_wpcf7_version\" value=\"5.9.4\" \/>\n<input type=\"hidden\" name=\"_wpcf7_locale\" value=\"en_US\" \/>\n<input type=\"hidden\" name=\"_wpcf7_unit_tag\" value=\"wpcf7-f5208-o1\" \/>\n<input type=\"hidden\" name=\"_wpcf7_container_post\" value=\"0\" \/>\n<input type=\"hidden\" name=\"_wpcf7_posted_data_hash\" value=\"\" \/>\n<input type=\"hidden\" name=\"lang\" value=\"en\" \/>\n<\/div>\n<p><span class=\"wpcf7-form-control-wrap\" data-name=\"your-name\"><input size=\"40\" class=\"wpcf7-form-control wpcf7-text wpcf7-validates-as-required\" aria-required=\"true\" aria-invalid=\"false\" placeholder=\"Votre Nom\" value=\"\" type=\"text\" name=\"your-name\" \/><\/span><br \/>\n<span class=\"wpcf7-form-control-wrap\" data-name=\"your-email\"><input size=\"40\" class=\"wpcf7-form-control wpcf7-email wpcf7-validates-as-required wpcf7-text wpcf7-validates-as-email\" aria-required=\"true\" aria-invalid=\"false\" placeholder=\"Votre email\" value=\"\" type=\"email\" name=\"your-email\" \/><\/span><br \/>\n<span class=\"wpcf7-form-control-wrap\" data-name=\"your-message\"><textarea cols=\"40\" rows=\"10\" class=\"wpcf7-form-control wpcf7-textarea\" aria-invalid=\"false\" placeholder=\"Votre message\" name=\"your-message\"><\/textarea><\/span><br \/>\n<input class=\"wpcf7-form-control wpcf7-submit has-spinner\" type=\"submit\" value=\"Envoyez message\" \/>\n<\/p><div class=\"wpcf7-response-output\" aria-hidden=\"true\"><\/div>\n<\/form>\n<\/div>\n<\/div>[\/vc_column_inner][\/vc_row_inner][\/vc_column][\/vc_row][vc_row full_width=&#8221;stretch_row_content_no_spaces&#8221;][vc_column][\/vc_column][\/vc_row][vc_row][vc_column width=&#8221;2\/3&#8243;][vc_gmaps link=&#8221;#E-8_JTNDaWZyYW1lJTIwc3JjJTNEJTIyaHR0cHMlM0ElMkYlMkZ3d3cuZ29vZ2xlLmNvbSUyRm1hcHMlMkZlbWJlZCUzRnBiJTNEJTIxMW0xNCUyMTFtOCUyMTFtMyUyMTFkMTE5NTguNTk3MjY1MTc1MzUlMjEyZC05LjU4MzQ5NzI0Mjg4MzMwNiUyMTNkMzAuMzY5MjgwNDk3Mjc2MTM3JTIxM20yJTIxMWkxMDI0JTIxMmk3NjglMjE0ZjEzLjElMjEzbTMlMjExbTIlMjExczB4MCUyNTNBMHhhZDVhODY4OWQzMTczMzQzJTIxMnNPY2VhbiUyNTIwR29sZiUyMTVlMSUyMTNtMiUyMTFzZnIlMjEyc21hJTIxNHYxNjE0MzcwODY4MTA1JTIxNW0yJTIxMXNmciUyMTJzbWElMjIlMjB3aWR0aCUzRCUyMjYwMCUyMiUyMGhlaWdodCUzRCUyMjQ1MCUyMiUyMHN0eWxlJTNEJTIyYm9yZGVyJTNBMCUzQiUyMiUyMGFsbG93ZnVsbHNjcmVlbiUzRCUyMiUyMiUyMGxvYWRpbmclM0QlMjJsYXp5JTIyJTNFJTNDJTJGaWZyYW1lJTNF&#8221;][\/vc_column][vc_column width=&#8221;1\/3&#8243;][vc_column_text]<\/p>\n<div class=\"business-info-header\">\n<h4><\/h4>\n<h4><\/h4>\n<h4>Contact Details<\/h4>\n<address><span class=\"business-address-row\"><i class=\"fas fa-map-marker-alt\"><\/i><span class=\"address-overflow\">Inezgane 80\u00a0 000<\/span><\/span><\/address>\n<address><span class=\"business-phone-row\"><i class=\"fas fa-phone-alt\"><br \/>\n<\/i>+212 679 822 277<br \/>\n<\/span><\/address>\n<address><span class=\"business-email-row\"><i class=\"far fa-envelope\"><\/i><br \/>\n<a href=\"mailto:direction@golfdelocean.com\">direction@golfdelocean.com<\/a><br \/>\n<\/span><\/address>\n<\/div>\n<div class=\"business-info-schedule\">\n<h4>Horaires d&#8217;ouvertures<\/h4>\n<div class=\"business-info-day\"><span class=\"business-info-day-name\">Lundi au Dimanche <\/span><span class=\"business-info-day-hours\">08:00 &#8211; 19:00<\/span><\/div>\n<div class=\"business-info-day\"><\/div>\n<\/div>\n<p>[\/vc_column_text][\/vc_column][\/vc_row]<\/p>\n","protected":false},"excerpt":{"rendered":"<p>[vc_row full_width=&#8221;stretch_row&#8221; css=&#8221;.vc_custom_1556019931157{margin-top: -25px !important;}&#8221;][vc_column css=&#8221;.vc_custom_1516095762744{padding-right: 0px !important;padding-left: 0px !important;}&#8221;][vc_row_inner css=&#8221;.vc_custom_1556019928500{padding-bottom: 73px !important;}&#8221;][vc_column_inner width=&#8221;1\/2&#8243; css=&#8221;.vc_custom_1556019967766{padding-top: 30px !important;padding-right: 70px !important;padding-left: 100px [&hellip;]<\/p>\n","protected":false},"author":1,"featured_media":0,"parent":0,"menu_order":0,"comment_status":"closed","ping_status":"closed","template":"","meta":{"footnotes":""},"class_list":["post-5752","page","type-page","status-publish","hentry"],"_links":{"self":[{"href":"https:\/\/golfdelocean.com\/en\/wp-json\/wp\/v2\/pages\/5752","targetHints":{"allow":["GET"]}}],"collection":[{"href":"https:\/\/golfdelocean.com\/en\/wp-json\/wp\/v2\/pages"}],"about":[{"href":"https:\/\/golfdelocean.com\/en\/wp-json\/wp\/v2\/types\/page"}],"author":[{"embeddable":true,"href":"https:\/\/golfdelocean.com\/en\/wp-json\/wp\/v2\/users\/1"}],"replies":[{"embeddable":true,"href":"https:\/\/golfdelocean.com\/en\/wp-json\/wp\/v2\/comments?post=5752"}],"version-history":[{"count":0,"href":"https:\/\/golfdelocean.com\/en\/wp-json\/wp\/v2\/pages\/5752\/revisions"}],"wp:attachment":[{"href":"https:\/\/golfdelocean.com\/en\/wp-json\/wp\/v2\/media?parent=5752"}],"curies":[{"name":"wp","href":"https:\/\/api.w.org\/{rel}","templated":true}]}}