{"id":5740,"date":"2018-10-22T13:47:19","date_gmt":"2018-10-22T13:47:19","guid":{"rendered":"https:\/\/www.ekko-wp.com\/?page_id=5740"},"modified":"2023-03-30T21:07:26","modified_gmt":"2023-03-30T19:07:26","slug":"courses-in-general","status":"publish","type":"page","link":"https:\/\/golfdelocean.com\/en\/courses-in-general\/","title":{"rendered":"Courses in general"},"content":{"rendered":"<p>[vc_row][vc_column][vc_column_text]<\/p>\n<h3><img loading=\"lazy\" decoding=\"async\" class=\"aligncenter wp-image-9072 size-large\" src=\"http:\/\/golfdelocean.com\/wp-content\/uploads\/2021\/10\/PLAN-03-PARCOURS-1024x635.jpg\" alt=\"\" width=\"1024\" height=\"635\" srcset=\"https:\/\/golfdelocean.com\/wp-content\/uploads\/2021\/10\/PLAN-03-PARCOURS-1024x635.jpg 1024w, https:\/\/golfdelocean.com\/wp-content\/uploads\/2021\/10\/PLAN-03-PARCOURS-800x496.jpg 800w, https:\/\/golfdelocean.com\/wp-content\/uploads\/2021\/10\/PLAN-03-PARCOURS-300x186.jpg 300w, https:\/\/golfdelocean.com\/wp-content\/uploads\/2021\/10\/PLAN-03-PARCOURS-768x477.jpg 768w, https:\/\/golfdelocean.com\/wp-content\/uploads\/2021\/10\/PLAN-03-PARCOURS.jpg 1360w\" sizes=\"auto, (max-width: 1024px) 100vw, 1024px\" \/><\/h3>\n<p><img loading=\"lazy\" decoding=\"async\" class=\"size-full wp-image-9521 aligncenter\" src=\"https:\/\/golfdelocean.com\/wp-content\/uploads\/2023\/03\/CARTE-DE-SCORE-2023.jpg\" alt=\"\" width=\"627\" height=\"1066\" srcset=\"https:\/\/golfdelocean.com\/wp-content\/uploads\/2023\/03\/CARTE-DE-SCORE-2023.jpg 627w, https:\/\/golfdelocean.com\/wp-content\/uploads\/2023\/03\/CARTE-DE-SCORE-2023-177x300.jpg 177w, https:\/\/golfdelocean.com\/wp-content\/uploads\/2023\/03\/CARTE-DE-SCORE-2023-603x1024.jpg 603w, https:\/\/golfdelocean.com\/wp-content\/uploads\/2023\/03\/CARTE-DE-SCORE-2023-768x1305.jpg 768w\" sizes=\"auto, (max-width: 627px) 100vw, 627px\" \/>Le Golf de l\u2019Oc\u00e9an compte 27 trous et s\u2019\u00e9tend sur 90 hectares de greens et de sable naturel, avec quatre lacs et des eucalyptus, des tamaris, des cypr\u00e8s, des mimosas et des palmiers. Divis\u00e9 en trois parcours de neuf trous, le Golf de l\u2019Oc\u00e9an a \u00e9t\u00e9 con\u00e7u par le c\u00e9l\u00e8bre architecte Belt Collins et a accueilli le Troph\u00e9e Hassan II ; la Coupe Lalla Meryem Atlas Pro Tour.<\/p>\n<p>Le golf offre un relief naturel et parfois \u00e9troit afin de varier les types de difficult\u00e9s et augmenter les d\u00e9fis des joueurs.<\/p>\n<p>Un practice pour 30 golfeurs avec \u00ab Target fairway \u00bb et \u00ab Target green \u00bb offre une vue panoramique sur le parcours et la campagne environnante, y compris les montagnes de l\u2019Atlas. Le Golf de l\u2019Oc\u00e9an offre un parcours de golf de haute qualit\u00e9 et a \u00e9t\u00e9 con\u00e7u pour tous les niveaux de golfeurs et un large \u00e9ventail de difficult\u00e9s.<br \/>\nLe parcours est assez ouvert avec des bunkers profonds et difficiles, entour\u00e9s d\u2019eucalyptus.<br \/>\nUn service de navette gratuit relie les principaux h\u00f4tels d\u2019Agadir au Golf de l\u2019Oc\u00e9an.<\/p>\n<h3><strong><u>SSS-SLOPE-DISTANCES<\/u><\/strong><\/h3>\n<p>&nbsp;<\/p>\n<p><b><u>OC\u00c9AN<\/u><\/b><strong><u>\u00a0Garden-Dunes\u00a0<\/u><\/strong><strong><u>: <\/u><\/strong><\/p>\n<p><strong>\u00a0<\/strong><\/p>\n<table width=\"639\">\n<tbody>\n<tr>\n<td width=\"66\"><strong>\u00a0<\/strong><\/td>\n<td colspan=\"2\" width=\"164\"><strong>SSS<\/strong><\/td>\n<td colspan=\"2\" width=\"164\"><strong>Slope<\/strong><\/td>\n<td colspan=\"3\" width=\"245\"><strong>Distances<\/strong><\/td>\n<\/tr>\n<tr>\n<td width=\"66\"><b>REP\u00c9R\u00c9S<\/b><\/td>\n<td width=\"98\"><strong>Dames<\/strong><\/td>\n<td width=\"66\"><strong>Messieurs<\/strong><\/td>\n<td width=\"98\"><strong>Dames<\/strong><\/td>\n<td width=\"66\"><strong>Messieurs<\/strong><\/td>\n<td width=\"110\"><strong>Aller<\/strong><\/td>\n<td width=\"84\"><strong>Retour<\/strong><\/td>\n<td width=\"51\"><strong>Total<\/strong><\/td>\n<\/tr>\n<tr>\n<td width=\"66\">NOIRS<\/td>\n<td width=\"98\">0,0<\/td>\n<td width=\"66\">71,1<\/td>\n<td width=\"98\">0<\/td>\n<td width=\"66\">131<\/td>\n<td width=\"110\">2972<\/td>\n<td width=\"84\">2865<\/td>\n<td width=\"51\">5837<\/td>\n<\/tr>\n<tr>\n<td width=\"66\">BLANCS<\/td>\n<td width=\"98\">0,0<\/td>\n<td width=\"66\">71,0<\/td>\n<td width=\"98\">0<\/td>\n<td width=\"66\">131<\/td>\n<td width=\"110\">2972<\/td>\n<td width=\"84\">2865<\/td>\n<td width=\"51\">5837<\/td>\n<\/tr>\n<tr>\n<td width=\"66\">JAUNES<\/td>\n<td width=\"98\">74,1<\/td>\n<td width=\"66\">68,5<\/td>\n<td width=\"98\">131<\/td>\n<td width=\"66\">125<\/td>\n<td width=\"110\">2749<\/td>\n<td width=\"84\">2638<\/td>\n<td width=\"51\">5387<\/td>\n<\/tr>\n<tr>\n<td width=\"66\">BLEUS<\/td>\n<td width=\"98\">70,7<\/td>\n<td width=\"66\">65,9<\/td>\n<td width=\"98\">125<\/td>\n<td width=\"66\">118<\/td>\n<td width=\"110\">2477<\/td>\n<td width=\"84\">2390<\/td>\n<td width=\"51\">4867<\/td>\n<\/tr>\n<tr>\n<td width=\"66\">ROUGES<\/td>\n<td width=\"98\">66,2<\/td>\n<td width=\"66\">62,4<\/td>\n<td width=\"98\">116<\/td>\n<td width=\"66\">111<\/td>\n<td width=\"110\">2177<\/td>\n<td width=\"84\">1981<\/td>\n<td width=\"51\">4158<\/td>\n<\/tr>\n<\/tbody>\n<\/table>\n<p><strong>\u00a0<\/strong><\/p>\n<p>&nbsp;<\/p>\n<p><b><u>OC\u00c9AN<\/u><\/b><strong><u>\u00a0D\u00e9sert-Dunes\u00a0: <\/u><\/strong><\/p>\n<p>&nbsp;<\/p>\n<table width=\"640\">\n<tbody>\n<tr>\n<td width=\"81\"><strong>\u00a0<\/strong><\/td>\n<td colspan=\"2\" width=\"163\"><strong>SSS<\/strong><\/td>\n<td colspan=\"2\" width=\"163\"><strong>Slope<\/strong><\/td>\n<td colspan=\"3\" width=\"232\"><strong>Distances<\/strong><\/td>\n<\/tr>\n<tr>\n<td width=\"81\"><b>REP\u00c9R\u00c9S<\/b><\/td>\n<td width=\"81\"><strong>Dames<\/strong><\/td>\n<td width=\"81\"><strong>Messieurs<\/strong><\/td>\n<td width=\"81\"><strong>Dames<\/strong><\/td>\n<td width=\"81\"><strong>Messieurs<\/strong><\/td>\n<td width=\"81\"><strong>Aller<\/strong><\/td>\n<td width=\"81\"><strong>Retour<\/strong><\/td>\n<td width=\"69\"><strong>Total<\/strong><\/td>\n<\/tr>\n<tr>\n<td width=\"81\">NOIRS<\/td>\n<td width=\"81\">0,0<\/td>\n<td width=\"81\">70,8<\/td>\n<td width=\"81\">0<\/td>\n<td width=\"81\">128<\/td>\n<td width=\"81\">2900<\/td>\n<td width=\"81\">2865<\/td>\n<td width=\"69\">5765<\/td>\n<\/tr>\n<tr>\n<td width=\"81\">BLANCS<\/td>\n<td width=\"81\">76,6<\/td>\n<td width=\"81\">70,6<\/td>\n<td width=\"81\">136<\/td>\n<td width=\"81\">128<\/td>\n<td width=\"81\">2900<\/td>\n<td width=\"81\">2865<\/td>\n<td width=\"69\">5765<\/td>\n<\/tr>\n<tr>\n<td width=\"81\">JAUNES<\/td>\n<td width=\"81\">73,8<\/td>\n<td width=\"81\">68,0<\/td>\n<td width=\"81\">130<\/td>\n<td width=\"81\">123<\/td>\n<td width=\"81\">2669<\/td>\n<td width=\"81\">2638<\/td>\n<td width=\"69\">5307<\/td>\n<\/tr>\n<tr>\n<td width=\"81\">BLEUS<\/td>\n<td width=\"81\">70,6<\/td>\n<td width=\"81\">65,5<\/td>\n<td width=\"81\">123<\/td>\n<td width=\"81\">117<\/td>\n<td width=\"81\">2431<\/td>\n<td width=\"81\">2390<\/td>\n<td width=\"69\">4821<\/td>\n<\/tr>\n<tr>\n<td width=\"81\">ROUGES<\/td>\n<td width=\"81\">65,4<\/td>\n<td width=\"81\">61,7<\/td>\n<td width=\"81\">115<\/td>\n<td width=\"81\">109<\/td>\n<td width=\"81\">2076<\/td>\n<td width=\"81\">1981<\/td>\n<td width=\"69\">4057<\/td>\n<\/tr>\n<\/tbody>\n<\/table>\n<p>&nbsp;<\/p>\n<p><b><u>OC\u00c9AN<\/u><\/b><strong><u>\u00a0D\u00e9sert-Garden\u00a0: <\/u><\/strong><\/p>\n<p>&nbsp;<\/p>\n<table width=\"645\">\n<tbody>\n<tr>\n<td width=\"81\"><strong>\u00a0<\/strong><\/td>\n<td colspan=\"2\" width=\"161\"><strong>SSS<\/strong><\/td>\n<td colspan=\"2\" width=\"161\"><strong>Slope<\/strong><\/td>\n<td colspan=\"3\" width=\"242\"><strong>Distances<\/strong><\/td>\n<\/tr>\n<tr>\n<td width=\"81\"><b>REP\u00c9R\u00c9S<\/b><\/td>\n<td width=\"81\"><strong>Dames<\/strong><\/td>\n<td width=\"81\"><strong>Messieurs<\/strong><\/td>\n<td width=\"81\"><strong>Dames<\/strong><\/td>\n<td width=\"81\"><strong>Messieurs<\/strong><\/td>\n<td width=\"81\"><strong>Aller<\/strong><\/td>\n<td width=\"81\"><strong>Retour<\/strong><\/td>\n<td width=\"81\"><strong>Total<\/strong><\/td>\n<\/tr>\n<tr>\n<td width=\"81\">NOIRS<\/td>\n<td width=\"81\">0,0<\/td>\n<td width=\"81\">71,4<\/td>\n<td width=\"81\">0<\/td>\n<td width=\"81\">131<\/td>\n<td width=\"81\">2900<\/td>\n<td width=\"81\">2972<\/td>\n<td width=\"81\">5872<\/td>\n<\/tr>\n<tr>\n<td width=\"81\">BLANCS<\/td>\n<td width=\"81\">0,0<\/td>\n<td width=\"81\">71,4<\/td>\n<td width=\"81\">0<\/td>\n<td width=\"81\">131<\/td>\n<td width=\"81\">2900<\/td>\n<td width=\"81\">2972<\/td>\n<td width=\"81\">5872<\/td>\n<\/tr>\n<tr>\n<td width=\"81\">JAUNES<\/td>\n<td width=\"81\">74,6<\/td>\n<td width=\"81\">68,8<\/td>\n<td width=\"81\">133<\/td>\n<td width=\"81\">124<\/td>\n<td width=\"81\">2669<\/td>\n<td width=\"81\">2749<\/td>\n<td width=\"81\">5418<\/td>\n<\/tr>\n<tr>\n<td width=\"81\">BLEUS<\/td>\n<td width=\"81\">71,3<\/td>\n<td width=\"81\">66,3<\/td>\n<td width=\"81\">125<\/td>\n<td width=\"81\">119<\/td>\n<td width=\"81\">2431<\/td>\n<td width=\"81\">2477<\/td>\n<td width=\"81\">4908<\/td>\n<\/tr>\n<tr>\n<td width=\"81\">ROUGES<\/td>\n<td width=\"81\">66,8<\/td>\n<td width=\"81\">63,0<\/td>\n<td width=\"81\">114<\/td>\n<td width=\"81\">112<\/td>\n<td width=\"81\">2076<\/td>\n<td width=\"81\">2177<\/td>\n<td width=\"81\">4253<\/td>\n<\/tr>\n<\/tbody>\n<\/table>\n<p>[\/vc_column_text][\/vc_column][\/vc_row]<\/p>\n","protected":false},"excerpt":{"rendered":"<p>[vc_row][vc_column][vc_column_text] Le Golf de l\u2019Oc\u00e9an compte 27 trous et s\u2019\u00e9tend sur 90 hectares de greens et de sable naturel, avec [&hellip;]<\/p>\n","protected":false},"author":1,"featured_media":9037,"parent":0,"menu_order":0,"comment_status":"closed","ping_status":"closed","template":"","meta":{"footnotes":""},"class_list":["post-5740","page","type-page","status-publish","has-post-thumbnail","hentry"],"_links":{"self":[{"href":"https:\/\/golfdelocean.com\/en\/wp-json\/wp\/v2\/pages\/5740","targetHints":{"allow":["GET"]}}],"collection":[{"href":"https:\/\/golfdelocean.com\/en\/wp-json\/wp\/v2\/pages"}],"about":[{"href":"https:\/\/golfdelocean.com\/en\/wp-json\/wp\/v2\/types\/page"}],"author":[{"embeddable":true,"href":"https:\/\/golfdelocean.com\/en\/wp-json\/wp\/v2\/users\/1"}],"replies":[{"embeddable":true,"href":"https:\/\/golfdelocean.com\/en\/wp-json\/wp\/v2\/comments?post=5740"}],"version-history":[{"count":0,"href":"https:\/\/golfdelocean.com\/en\/wp-json\/wp\/v2\/pages\/5740\/revisions"}],"wp:featuredmedia":[{"embeddable":true,"href":"https:\/\/golfdelocean.com\/en\/wp-json\/wp\/v2\/media\/9037"}],"wp:attachment":[{"href":"https:\/\/golfdelocean.com\/en\/wp-json\/wp\/v2\/media?parent=5740"}],"curies":[{"name":"wp","href":"https:\/\/api.w.org\/{rel}","templated":true}]}}