{"id":5738,"date":"2018-10-22T13:47:05","date_gmt":"2018-10-22T13:47:05","guid":{"rendered":"https:\/\/www.ekko-wp.com\/?page_id=5738"},"modified":"2021-10-07T22:52:07","modified_gmt":"2021-10-07T20:52:07","slug":"reglement-etique-golf","status":"publish","type":"page","link":"https:\/\/golfdelocean.com\/en\/reglement-etique-golf\/","title":{"rendered":"R\u00e8glement \u00e9tique Golf"},"content":{"rendered":"<p>[vc_row css=&#8221;.vc_custom_1633639923443{margin-top: 100px !important;padding-top: 200px !important;padding-bottom: 80px !important;background-image: url(http:\/\/golfdelocean.com\/wp-content\/uploads\/2021\/10\/1-70-qpr.jpg?id=8871) !important;background-position: center !important;background-repeat: no-repeat !important;background-size: cover !important;}&#8221; top_section_title=&#8221;&#8221; bottom_section_title=&#8221;&#8221;][vc_column]<header class=\"kd-section-title col-lg-12 text-center     vc_custom_1617830501739\" ><h2 class=\"separator_off\" style=\"color: #ffffff;font-size: 60;\">\u00c9TIQUETTE DU GOLF<\/h2><\/header>[\/vc_column][\/vc_row][vc_row css=&#8221;.vc_custom_1615224391520{padding-top: 100px !important;padding-bottom: 80px !important;}&#8221;][vc_column][vc_column_text]<\/p>\n<ol>\n<li>LES MESURES PR\u00c9VENTIVES CONTRE LE CORONNA VIRUS SONT A APPLIQUE<\/li>\n<li>TOUT JOUEUR EST TENU DE R\u00c9SERVER SON D\u00c9PART A L\u2019AVANCE, ET DE SE PR\u00c9SENTER A L\u2019ACCUEIL POUR S\u2019AQUITER DE SON GREE FEE ET DE S\u2019INFORMER SUR LES CONDITIONS DU PARCOURS<\/li>\n<li>D\u00c9PART PONCTUEL SELON THE TEE-TIM<\/li>\n<li>RESPECTER LE TEMPS DES AUTRES GOLFEURS ET SUIVRE LE FLIGHT DEVANT VOUS<\/li>\n<li>REL\u00c8VEMENT DES PITCHS ET DIVOTS \/ REMISE DES BUNCKERS<\/li>\n<li>RESPECTER L\u2019ENVIRONNEMENT DU GOLF DE L\u2019OC\u00c9AN<\/li>\n<li>RESPECTER ET RENDRE LA VOITURETTE DE GOLF INVISIBLE<\/li>\n<li>\u00caTRE UN GOLFEUR SILENCIEUX ET RESPECTUEUX EN \u00c9TEIGNANT LE T\u00c9L\u00c9PHONE PORTABLE<\/li>\n<li>UN CADDIE EST RECOMMAND\u00c9 DANS UNE PARTIE DE 4 PAX<\/li>\n<\/ol>\n<p>[\/vc_column_text][\/vc_column][\/vc_row]<\/p>\n","protected":false},"excerpt":{"rendered":"<p>[vc_row css=&#8221;.vc_custom_1633639923443{margin-top: 100px !important;padding-top: 200px !important;padding-bottom: 80px !important;background-image: url(http:\/\/golfdelocean.com\/wp-content\/uploads\/2021\/10\/1-70-qpr.jpg?id=8871) !important;background-position: center !important;background-repeat: no-repeat !important;background-size: cover !important;}&#8221; top_section_title=&#8221;&#8221; bottom_section_title=&#8221;&#8221;][vc_column][\/vc_column][\/vc_row][vc_row css=&#8221;.vc_custom_1615224391520{padding-top: 100px [&hellip;]<\/p>\n","protected":false},"author":1,"featured_media":0,"parent":0,"menu_order":0,"comment_status":"closed","ping_status":"closed","template":"","meta":{"footnotes":""},"class_list":["post-5738","page","type-page","status-publish","hentry"],"_links":{"self":[{"href":"https:\/\/golfdelocean.com\/en\/wp-json\/wp\/v2\/pages\/5738","targetHints":{"allow":["GET"]}}],"collection":[{"href":"https:\/\/golfdelocean.com\/en\/wp-json\/wp\/v2\/pages"}],"about":[{"href":"https:\/\/golfdelocean.com\/en\/wp-json\/wp\/v2\/types\/page"}],"author":[{"embeddable":true,"href":"https:\/\/golfdelocean.com\/en\/wp-json\/wp\/v2\/users\/1"}],"replies":[{"embeddable":true,"href":"https:\/\/golfdelocean.com\/en\/wp-json\/wp\/v2\/comments?post=5738"}],"version-history":[{"count":0,"href":"https:\/\/golfdelocean.com\/en\/wp-json\/wp\/v2\/pages\/5738\/revisions"}],"wp:attachment":[{"href":"https:\/\/golfdelocean.com\/en\/wp-json\/wp\/v2\/media?parent=5738"}],"curies":[{"name":"wp","href":"https:\/\/api.w.org\/{rel}","templated":true}]}}