{"id":5734,"date":"2018-10-22T13:46:39","date_gmt":"2018-10-22T13:46:39","guid":{"rendered":"https:\/\/www.ekko-wp.com\/?page_id=5734"},"modified":"2023-01-04T14:12:20","modified_gmt":"2023-01-04T13:12:20","slug":"commission-sportive","status":"publish","type":"page","link":"https:\/\/golfdelocean.com\/en\/commission-sportive\/","title":{"rendered":"Commission Sportive"},"content":{"rendered":"<p>[vc_row css=&#8221;.vc_custom_1615218844760{padding-top: 70px !important;padding-bottom: 70px !important;}&#8221;][vc_column][vc_column_text]<img loading=\"lazy\" decoding=\"async\" class=\"wp-image-8901 size-large aligncenter\" src=\"http:\/\/golfdelocean.com\/wp-content\/uploads\/2021\/10\/4-3-qpr-1024x768.jpg\" alt=\"\" width=\"1024\" height=\"768\" srcset=\"https:\/\/golfdelocean.com\/wp-content\/uploads\/2021\/10\/4-3-qpr-1024x768.jpg 1024w, https:\/\/golfdelocean.com\/wp-content\/uploads\/2021\/10\/4-3-qpr-800x600.jpg 800w, https:\/\/golfdelocean.com\/wp-content\/uploads\/2021\/10\/4-3-qpr-300x225.jpg 300w, https:\/\/golfdelocean.com\/wp-content\/uploads\/2021\/10\/4-3-qpr-768x576.jpg 768w, https:\/\/golfdelocean.com\/wp-content\/uploads\/2021\/10\/4-3-qpr-1536x1152.jpg 1536w, https:\/\/golfdelocean.com\/wp-content\/uploads\/2021\/10\/4-3-qpr.jpg 1600w\" sizes=\"auto, (max-width: 1024px) 100vw, 1024px\" \/><\/p>\n<p><strong>Commission sportive Golf de l\u2019Oc\u00e9an Agadir<\/strong><\/p>\n<p>La commission sportive a pour but d\u2019organiser et diriger les comp\u00e9titions golfiques et des activit\u00e9s au sein ou \u00e0 l\u2019ext\u00e9rieur du Club de l\u2019Oc\u00e9an. (Organisation des comp\u00e9titions Inter Club)<br \/>\nLa commission sportive distingue deux \u00e9quipes qui se rejoignent dans une seule grande \u00e9quipe. Tous les membres (environ 14) travaillent b\u00e9n\u00e9volement mais profiterons de temps en temps d\u2019une r\u00e9compense pour compenser leurs efforts fournis.<br \/>\nLa commission est constitu\u00e9e \u00e0 la fois donc d\u2019une \u00e9quipe professionnelle qui g\u00e8re tous aspects sportive et technique du Club qui concernent l\u2019organisation des comp\u00e9titions, les r\u00e8glements golfiques PGA\/ FRMG \u00e0 appliquer, les juniors et jeunes espoirs du Maroc et l\u2019\u00e9tat et corrections \u00e0 faire sur le parcours.<br \/>\nD\u2019autre part, la commission est constitu\u00e9e d\u2019une \u00e9quipe d\u2019animation sportive qui anime le Club et ses membres avec des diverses animations et des organisations de comp\u00e9titions golfiques au sein du Club et aux Clubs \u00e0 l\u2019ext\u00e9rieurs. L\u2019organisation de la commission sportive se compose \u00e0 ce jour de :<\/p>\n<p><strong>Membres de la Commission sportive professionnelle et animation:<\/strong><\/p>\n<ul>\n<li>Jean Marie KAZMIERZAK (Certifi\u00e9 PGA France),<\/li>\n<li>Mme Bouchra LAKTIR (Certifi\u00e9e PGA Maroc),<\/li>\n<li>Hans Egli \/ Directeur du Golf,<\/li>\n<li>Noura Lafnoune \/ Directrice d\u2019exploitation Golf de l\u2019Oc\u00e9an<\/li>\n<li>Hamid CHAFIQ &#038; LAHCEN<\/li>\n<li>Capitaine Seniors Daniel GRAZIA<\/li>\n<li>Capitaine Juniors Bouchra LAKTIR\/ J.M KAZMIERZAK\/ Bertrand VEZIA\/ Soukaina HAIOUED<\/li>\n<li>Responsable d\u2019environnement :Hamid CHAFIQ\/ Hans EGLI.<\/li>\n<\/ul>\n<p>Capitanats. Par \u00ab\u00a0capitanat\u00a0\u00bb, nous d\u00e9finissons une sous-commission charg\u00e9e<br \/>\nparticuli\u00e8rement d\u2019un groupe de joueurs, ou d\u2019un sujet sp\u00e9cifique. En gras les leaders du groupe.<\/p>\n<p><strong>Agadir, le 01.01.2023\u00a0 \u00a0 \u00a0 \u00a0Hans EGLI \/ Directeur Atlantic Palace Golf Thalasso &#038; Casino Resort<\/strong>[\/vc_column_text][\/vc_column][\/vc_row][vc_row][vc_column width=&#8221;1\/6&#8243;][\/vc_column][vc_column width=&#8221;2\/3&#8243;]<header class=\"kd-section-title col-lg-12 text-center    \" ><h2 class=\"separator_off\" style=\"font-size: 60;\">Pour nous contacter<\/h2><h6 class=\"subtitle \" >Pour contacter la commission sportive du golf, merci de compl\u00e9ter le formulaire ci-dessous<\/h6><\/header>[vc_empty_space height=&#8221;5px&#8221;]<div class=\"kd-contact-form full-width-cf\" >\n<div class=\"wpcf7 no-js\" id=\"wpcf7-f5208-o1\" lang=\"en-US\" dir=\"ltr\">\n<div class=\"screen-reader-response\"><p role=\"status\" aria-live=\"polite\" aria-atomic=\"true\"><\/p> <ul><\/ul><\/div>\n<form action=\"\/en\/wp-json\/wp\/v2\/pages\/5734#wpcf7-f5208-o1\" method=\"post\" class=\"wpcf7-form init\" aria-label=\"Contact form\" novalidate=\"novalidate\" data-status=\"init\">\n<div style=\"display: none;\">\n<input type=\"hidden\" name=\"_wpcf7\" value=\"5208\" \/>\n<input type=\"hidden\" name=\"_wpcf7_version\" value=\"5.9.4\" \/>\n<input type=\"hidden\" name=\"_wpcf7_locale\" value=\"en_US\" \/>\n<input type=\"hidden\" name=\"_wpcf7_unit_tag\" value=\"wpcf7-f5208-o1\" \/>\n<input type=\"hidden\" name=\"_wpcf7_container_post\" value=\"0\" \/>\n<input type=\"hidden\" name=\"_wpcf7_posted_data_hash\" value=\"\" \/>\n<input type=\"hidden\" name=\"lang\" value=\"en\" \/>\n<\/div>\n<p><span class=\"wpcf7-form-control-wrap\" data-name=\"your-name\"><input size=\"40\" class=\"wpcf7-form-control wpcf7-text wpcf7-validates-as-required\" aria-required=\"true\" aria-invalid=\"false\" placeholder=\"Votre Nom\" value=\"\" type=\"text\" name=\"your-name\" \/><\/span><br \/>\n<span class=\"wpcf7-form-control-wrap\" data-name=\"your-email\"><input size=\"40\" class=\"wpcf7-form-control wpcf7-email wpcf7-validates-as-required wpcf7-text wpcf7-validates-as-email\" aria-required=\"true\" aria-invalid=\"false\" placeholder=\"Votre email\" value=\"\" type=\"email\" name=\"your-email\" \/><\/span><br \/>\n<span class=\"wpcf7-form-control-wrap\" data-name=\"your-message\"><textarea cols=\"40\" rows=\"10\" class=\"wpcf7-form-control wpcf7-textarea\" aria-invalid=\"false\" placeholder=\"Votre message\" name=\"your-message\"><\/textarea><\/span><br \/>\n<input class=\"wpcf7-form-control wpcf7-submit has-spinner\" type=\"submit\" value=\"Envoyez message\" \/>\n<\/p><div class=\"wpcf7-response-output\" aria-hidden=\"true\"><\/div>\n<\/form>\n<\/div>\n<\/div>[\/vc_column][vc_column width=&#8221;1\/6&#8243;][\/vc_column][\/vc_row]<\/p>\n","protected":false},"excerpt":{"rendered":"<p>[vc_row css=&#8221;.vc_custom_1615218844760{padding-top: 70px !important;padding-bottom: 70px !important;}&#8221;][vc_column][vc_column_text] Commission sportive Golf de l\u2019Oc\u00e9an Agadir La commission sportive a pour but d\u2019organiser et [&hellip;]<\/p>\n","protected":false},"author":1,"featured_media":0,"parent":0,"menu_order":0,"comment_status":"closed","ping_status":"closed","template":"","meta":{"footnotes":""},"class_list":["post-5734","page","type-page","status-publish","hentry"],"_links":{"self":[{"href":"https:\/\/golfdelocean.com\/en\/wp-json\/wp\/v2\/pages\/5734","targetHints":{"allow":["GET"]}}],"collection":[{"href":"https:\/\/golfdelocean.com\/en\/wp-json\/wp\/v2\/pages"}],"about":[{"href":"https:\/\/golfdelocean.com\/en\/wp-json\/wp\/v2\/types\/page"}],"author":[{"embeddable":true,"href":"https:\/\/golfdelocean.com\/en\/wp-json\/wp\/v2\/users\/1"}],"replies":[{"embeddable":true,"href":"https:\/\/golfdelocean.com\/en\/wp-json\/wp\/v2\/comments?post=5734"}],"version-history":[{"count":0,"href":"https:\/\/golfdelocean.com\/en\/wp-json\/wp\/v2\/pages\/5734\/revisions"}],"wp:attachment":[{"href":"https:\/\/golfdelocean.com\/en\/wp-json\/wp\/v2\/media?parent=5734"}],"curies":[{"name":"wp","href":"https:\/\/api.w.org\/{rel}","templated":true}]}}