{"id":3918,"date":"2018-09-11T10:58:25","date_gmt":"2018-09-11T10:58:25","guid":{"rendered":"https:\/\/www.ekko-wp.com\/?page_id=3918"},"modified":"2021-10-07T23:14:15","modified_gmt":"2021-10-07T21:14:15","slug":"thalasso","status":"publish","type":"page","link":"https:\/\/golfdelocean.com\/en\/thalasso\/","title":{"rendered":"Thalasso"},"content":{"rendered":"<p>[vc_row css=&#8221;.vc_custom_1633641251331{margin-top: 130px !important;}&#8221; top_section_title=&#8221;&#8221; bottom_section_title=&#8221;&#8221;][vc_column][vc_column_text]<a href=\"https:\/\/atlanticpalace.com\/\" target=\"_blank\" rel=\"noopener\"><img loading=\"lazy\" decoding=\"async\" class=\"aligncenter wp-image-8882 size-large\" src=\"http:\/\/golfdelocean.com\/wp-content\/uploads\/2021\/10\/CLOSED-FOR-RENOVATION-1024x576.jpg\" alt=\"\" width=\"1024\" height=\"576\" srcset=\"https:\/\/golfdelocean.com\/wp-content\/uploads\/2021\/10\/CLOSED-FOR-RENOVATION-1024x576.jpg 1024w, https:\/\/golfdelocean.com\/wp-content\/uploads\/2021\/10\/CLOSED-FOR-RENOVATION-800x450.jpg 800w, https:\/\/golfdelocean.com\/wp-content\/uploads\/2021\/10\/CLOSED-FOR-RENOVATION-300x169.jpg 300w, https:\/\/golfdelocean.com\/wp-content\/uploads\/2021\/10\/CLOSED-FOR-RENOVATION-768x432.jpg 768w, https:\/\/golfdelocean.com\/wp-content\/uploads\/2021\/10\/CLOSED-FOR-RENOVATION.jpg 1280w\" sizes=\"auto, (max-width: 1024px) 100vw, 1024px\" \/><\/a>[\/vc_column_text][vc_btn title=&#8221;Pour visiter le site de notre H\u00f4tel, merci de cliquer ici!&#8221; style=&#8221;3d&#8221; color=&#8221;primary&#8221; align=&#8221;center&#8221; css_animation=&#8221;fadeInLeftBig&#8221; custom_onclick=&#8221;true&#8221; link=&#8221;url:https%3A%2F%2Fatlanticpalace.com%2F|target:_blank|rel:nofollow&#8221;][\/vc_column][\/vc_row][vc_row][vc_column]<div class=\"feature-sections-wrapper kd-fsp-69e89c4a8ceba \">\r\n            <section class=\"feature-sections-tabs  with-fixed-menu\">\r\n              <nav class=\"kd-feature-tabs\">\r\n                <ul class=\"nav nav-tabs sticky-tabs container\">\r\n                <\/ul>\r\n              <\/nav>\r\n            <\/section>\r\n            <section id=\"kd-fss-69e89c4a8cf7b\" class=\"featured-right \"><li class=\"nav-label\"><a class=\"feature-tabs-scroll\" href=\"#kd-fss-69e89c4a8cf7b\">Thalassoth\u00e9rapie<\/a><\/li><div class=\"container\">\r\n                <div class=\"side-content-wrapper \" ><div class=\"side-content-text\" ><\/p>\n<h2>Thalassoth\u00e9rapie et remise en forme\u00a0:<\/h2>\n<p><strong>Caract\u00e9ristique de l\u2019institut<\/strong><\/p>\n<p>Le centre de thalassoth\u00e9rapie et spa de l\u2019Atlantic Palace \u00e0 Agadir est un sanctuaire de soins luxueux inspir\u00e9 des traditions marocaines telles que le hammam et les soins occidentaux contemporains.<br \/>\nChaleureux et accueillant, notre centre de thalassoth\u00e9rapie et de spa propose une gamme de th\u00e9rapies thalasso d&#8217;inspiration locale et signature dans chacune de ses salles de soins.<\/p>\n<p><strong>Accueil au centre<\/strong><\/p>\n<p>Avec plus de 2700 m\u00b2 r\u00e9partis sur deux niveaux, l&#8217;institut offre une gamme compl\u00e8te de soins avec thalassoth\u00e9rapie et spa. Il peut accueillir jusqu&#8217;\u00e0 120 personnes par jour dans une atmosph\u00e8re de bois clair verni et de marbre blanc, propice \u00e0 la d\u00e9tente et \u00e0 la tranquillit\u00e9. L&#8217;institut est \u00e9quip\u00e9 d&#8217;\u00e9quipements permettant un nombre de traitements silencieux, avec un m\u00e9decin pour diriger votre traitement. Notre centre de thalassoth\u00e9rapie et spa est un v\u00e9ritable havre de paix et d&#8217;harmonie, avec une \u00e9quipe de professionnels d\u00e9di\u00e9s \u00e0 votre bien-\u00eatre<\/p>\n<p><strong>Les Cures Sp\u00e9cifiques et Remises en Forme\u00a0:<\/strong><\/p>\n<p>Ravivez vos cinq sens gr\u00e2ce \u00e0 notre large \u00e9ventail de cures de remise en forme,<br \/>\ntoutes adapt\u00e9es en fonction de vos besoins\u00a0:<br \/>\nLes Remises en Forme (cures comprenant trois soins individuels et un soin collectif)<\/p>\n<ul>\n<li>Thalasso Bien-\u00eatre (Quatre soins quotidiens pendant quatre ou six jours)<br \/>\nRetrouvez les bienfaits de la mer, cette cure conjugue les meilleurs soins en eau de mer toniques et relaxants, tout en faisant une large place \u00e0 la d\u00e9couverte.<\/li>\n<li>Cure au Masculin (Quatre soins quotidiens pendant quatre, six jours)<br \/>\nNous avons con\u00e7u une cure sp\u00e9cialement adapt\u00e9e aux hommes constitu\u00e9e d\u2019un ensemble de soins de bien-\u00eatre et d\u2019activit\u00e9s physiques mais aussi de massages relaxants. A l\u2019occasion d\u2019une \u00ab parenth\u00e8se beaut\u00e9 \u00bb, vous d\u00e9couvrirez un soin masculin purifiant du visage et du dos\u2026.<\/li>\n<li>Cure Thalasso \u00e0 deux (Trois soins quotidiens pendant quatre jours)<br \/>\nUn programme enti\u00e8rement d\u00e9di\u00e9 aux jeunes mari\u00e9s et aux couples d\u00e9sireux de se retrouver dans un lieu de d\u00e9tente afin de vivre \u00e0 deux des moments privil\u00e9gi\u00e9s en thalasso\u2026 Certains soins de massages et d\u2019esth\u00e9tiques seront effectu\u00e9s dans des cabines doubles pour partager les joies de la d\u00e9tente d\u2019un moment d\u2019exception\u2026<\/li>\n<\/ul>\n<p>\n<\/div><\/div><div class=\"side-featured-wrapper fss-circle  fss-shadow-image\" >\r\n      <div class=\"featured-image\"><img loading=\"lazy\" decoding=\"async\" width=\"1024\" height=\"673\" src=\"https:\/\/golfdelocean.com\/wp-content\/uploads\/2021\/10\/d4dadb5da0580273410505774ff1974a.jpg\" class=\"attachment-full\" alt=\"\" srcset=\"https:\/\/golfdelocean.com\/wp-content\/uploads\/2021\/10\/d4dadb5da0580273410505774ff1974a.jpg 1024w, https:\/\/golfdelocean.com\/wp-content\/uploads\/2021\/10\/d4dadb5da0580273410505774ff1974a-800x526.jpg 800w, https:\/\/golfdelocean.com\/wp-content\/uploads\/2021\/10\/d4dadb5da0580273410505774ff1974a-300x197.jpg 300w, https:\/\/golfdelocean.com\/wp-content\/uploads\/2021\/10\/d4dadb5da0580273410505774ff1974a-768x505.jpg 768w\" sizes=\"auto, (max-width: 1024px) 100vw, 1024px\" \/><\/div>\r\n    <\/div><\/div>\r\n            <\/section>\r\n            <\/div><style type=\"text\/css\"><\/style>[\/vc_column][\/vc_row]<\/p>\n","protected":false},"excerpt":{"rendered":"<p>[vc_row css=&#8221;.vc_custom_1633641251331{margin-top: 130px !important;}&#8221; top_section_title=&#8221;&#8221; bottom_section_title=&#8221;&#8221;][vc_column][vc_column_text][\/vc_column_text][vc_btn title=&#8221;Pour visiter le site de notre H\u00f4tel, merci de cliquer ici!&#8221; style=&#8221;3d&#8221; color=&#8221;primary&#8221; align=&#8221;center&#8221; [&hellip;]<\/p>\n","protected":false},"author":1,"featured_media":0,"parent":0,"menu_order":0,"comment_status":"closed","ping_status":"closed","template":"","meta":{"footnotes":""},"class_list":["post-3918","page","type-page","status-publish","hentry"],"_links":{"self":[{"href":"https:\/\/golfdelocean.com\/en\/wp-json\/wp\/v2\/pages\/3918","targetHints":{"allow":["GET"]}}],"collection":[{"href":"https:\/\/golfdelocean.com\/en\/wp-json\/wp\/v2\/pages"}],"about":[{"href":"https:\/\/golfdelocean.com\/en\/wp-json\/wp\/v2\/types\/page"}],"author":[{"embeddable":true,"href":"https:\/\/golfdelocean.com\/en\/wp-json\/wp\/v2\/users\/1"}],"replies":[{"embeddable":true,"href":"https:\/\/golfdelocean.com\/en\/wp-json\/wp\/v2\/comments?post=3918"}],"version-history":[{"count":0,"href":"https:\/\/golfdelocean.com\/en\/wp-json\/wp\/v2\/pages\/3918\/revisions"}],"wp:attachment":[{"href":"https:\/\/golfdelocean.com\/en\/wp-json\/wp\/v2\/media?parent=3918"}],"curies":[{"name":"wp","href":"https:\/\/api.w.org\/{rel}","templated":true}]}}