{"id":3,"date":"2021-01-06T11:23:16","date_gmt":"2021-01-06T10:23:16","guid":{"rendered":"http:\/\/golfdelocean.com\/?page_id=3"},"modified":"2022-02-23T14:35:56","modified_gmt":"2022-02-23T13:35:56","slug":"evenements","status":"publish","type":"page","link":"https:\/\/golfdelocean.com\/en\/evenements\/","title":{"rendered":"Events"},"content":{"rendered":"<p>[vc_row][vc_column][vc_column_text]<a href=\"https:\/\/atlanticpalace.com\/\" target=\"_blank\" rel=\"noopener\"><img loading=\"lazy\" decoding=\"async\" class=\"aligncenter wp-image-8882 size-large\" src=\"http:\/\/golfdelocean.com\/wp-content\/uploads\/2021\/10\/CLOSED-FOR-RENOVATION-1024x576.jpg\" alt=\"\" width=\"1024\" height=\"576\" srcset=\"https:\/\/golfdelocean.com\/wp-content\/uploads\/2021\/10\/CLOSED-FOR-RENOVATION-1024x576.jpg 1024w, https:\/\/golfdelocean.com\/wp-content\/uploads\/2021\/10\/CLOSED-FOR-RENOVATION-800x450.jpg 800w, https:\/\/golfdelocean.com\/wp-content\/uploads\/2021\/10\/CLOSED-FOR-RENOVATION-300x169.jpg 300w, https:\/\/golfdelocean.com\/wp-content\/uploads\/2021\/10\/CLOSED-FOR-RENOVATION-768x432.jpg 768w, https:\/\/golfdelocean.com\/wp-content\/uploads\/2021\/10\/CLOSED-FOR-RENOVATION.jpg 1280w\" sizes=\"auto, (max-width: 1024px) 100vw, 1024px\" \/><\/a>[\/vc_column_text][\/vc_column][\/vc_row][vc_row][vc_column width=&#8221;1\/2&#8243;][vc_column_text]<strong>For all your events in Agadir! <\/strong><\/p>\n<p>Weddings and events!<\/p>\n<p><strong>Say yes and celebrate this special day in two of the most majestic settings of Agadir!<\/strong>[\/vc_column_text][\/vc_column][vc_column width=&#8221;1\/2&#8243;][vc_btn title=&#8221;Cliquez ici pour visiter le site de notre H\u00f4tel Atlantic Palace&#8221; color=&#8221;sky&#8221; custom_onclick=&#8221;true&#8221; link=&#8221;url:https%3A%2F%2Fatlanticpalace.com%2F|target:_blank|rel:nofollow&#8221;][\/vc_column][\/vc_row][vc_row][vc_column][vc_images_carousel images=&#8221;8917,8915,8914,8913,8912,8911,8910&#8243; img_size=&#8221;2000&#215;1000&#8243; speed=&#8221;2000&#8243; slides_per_view=&#8221;6&#8243; autoplay=&#8221;yes&#8221; hide_pagination_control=&#8221;yes&#8221; wrap=&#8221;yes&#8221; css_animation=&#8221;fadeInDown&#8221;][\/vc_column][\/vc_row][vc_row][vc_column][vc_column_text]Au Golf de l\u2019Oc\u00e9an comme l\u2019H\u00f4tel\u00a0Atlantic Palace, nous vous proposons une panoplie de menus succulents et modernes, de quoi choyer les papilles de vos convives.<u><\/u><u><\/u><\/p>\n<p>Qu\u2019il s\u2019agisse d\u2019un mariage, des fian\u00e7ailles,\u00a0d\u2019une r\u00e9ception sp\u00e9ciale ou tout simplement d\u2019une f\u00eate d\u2019anniversaire, nous veillerons \u00e0 exaucer vos moindres d\u00e9sirs, pour des moments m\u00e9morables.\u00a0<u><\/u><u><\/u><\/p>\n<p>Que ce soit dans un cadre moderne et verdoyant ou dans un cadre traditionnel digne des mille et une nuits, tous les membres exp\u00e9riment\u00e9s et efficaces de notre \u00e9quipe sauront r\u00e9pondre pr\u00e9sents pour l\u2019organisation et la gestion \u00e0 la perfection de vos \u00e9v\u00e9nements.\u00a0<u><\/u><u><\/u><\/p>\n<p><u><\/u>\u00a0<u><\/u><\/p>\n<p>R\u00e9unions et s\u00e9minaires\u00a0:<u><\/u><u><\/u><\/p>\n<p>Id\u00e9alement situ\u00e9 dans la zone touristique \u00e0 quelques m\u00e8tres de la plage, l\u2019h\u00f4tel Atlantic Palace, Golf, Thalasso &#038; Casino Resort est le cadre parfait pour la r\u00e9ussite de vos manifestations.<u><\/u><u><\/u><\/p>\n<p>Grace \u00e0 ses installations et son panel de salles de diff\u00e9rentes dimensions toutes \u00e9quip\u00e9es de mat\u00e9riel dernier cri, associ\u00e9s cela l\u2019assistance permanente de son \u00e9quipe exp\u00e9riment\u00e9e, ce joyau vous garantit le succ\u00e8s de votre \u00e9v\u00e8nement.[\/vc_column_text][\/vc_column][\/vc_row]<\/p>\n","protected":false},"excerpt":{"rendered":"<p>[vc_row][vc_column][vc_column_text][\/vc_column_text][\/vc_column][\/vc_row][vc_row][vc_column width=&#8221;1\/2&#8243;][vc_column_text]For all your events in Agadir! Weddings and events! Say yes and celebrate this special day in two of [&hellip;]<\/p>\n","protected":false},"author":1,"featured_media":8915,"parent":0,"menu_order":0,"comment_status":"closed","ping_status":"open","template":"","meta":{"footnotes":""},"class_list":["post-3","page","type-page","status-publish","has-post-thumbnail","hentry"],"_links":{"self":[{"href":"https:\/\/golfdelocean.com\/en\/wp-json\/wp\/v2\/pages\/3","targetHints":{"allow":["GET"]}}],"collection":[{"href":"https:\/\/golfdelocean.com\/en\/wp-json\/wp\/v2\/pages"}],"about":[{"href":"https:\/\/golfdelocean.com\/en\/wp-json\/wp\/v2\/types\/page"}],"author":[{"embeddable":true,"href":"https:\/\/golfdelocean.com\/en\/wp-json\/wp\/v2\/users\/1"}],"replies":[{"embeddable":true,"href":"https:\/\/golfdelocean.com\/en\/wp-json\/wp\/v2\/comments?post=3"}],"version-history":[{"count":0,"href":"https:\/\/golfdelocean.com\/en\/wp-json\/wp\/v2\/pages\/3\/revisions"}],"wp:featuredmedia":[{"embeddable":true,"href":"https:\/\/golfdelocean.com\/en\/wp-json\/wp\/v2\/media\/8915"}],"wp:attachment":[{"href":"https:\/\/golfdelocean.com\/en\/wp-json\/wp\/v2\/media?parent=3"}],"curies":[{"name":"wp","href":"https:\/\/api.w.org\/{rel}","templated":true}]}}